{"id":6525,"date":"2026-04-20T12:16:27","date_gmt":"2026-04-20T10:16:27","guid":{"rendered":"https:\/\/vpc.lv\/?page_id=6525"},"modified":"2026-04-22T10:06:34","modified_gmt":"2026-04-22T08:06:34","slug":"eosc","status":"publish","type":"page","link":"https:\/\/vpc.lv\/lv\/eosc\/","title":{"rendered":"EOSC"},"content":{"rendered":"<div class=\"fusion-fullwidth fullwidth-box fusion-builder-row-1 fusion-flex-container has-pattern-background has-mask-background nonhundred-percent-fullwidth non-hundred-percent-height-scrolling\" style=\"--awb-border-radius-top-left:0px;--awb-border-radius-top-right:0px;--awb-border-radius-bottom-right:0px;--awb-border-radius-bottom-left:0px;--awb-padding-bottom:80px;--awb-margin-top:80px;--awb-flex-wrap:wrap;\" ><div class=\"fusion-builder-row fusion-row fusion-flex-align-items-center fusion-flex-content-wrap\" style=\"max-width:1248px;margin-left: calc(-4% \/ 2 );margin-right: calc(-4% \/ 2 );\"><div class=\"fusion-layout-column fusion_builder_column fusion-builder-column-0 fusion_builder_column_1_1 1_1 fusion-flex-column fusion-animated\" style=\"--awb-bg-size:cover;--awb-width-large:100%;--awb-margin-top-large:0px;--awb-spacing-right-large:1.92%;--awb-margin-bottom-large:0px;--awb-spacing-left-large:1.92%;--awb-width-medium:100%;--awb-order-medium:0;--awb-spacing-right-medium:1.92%;--awb-spacing-left-medium:1.92%;--awb-width-small:100%;--awb-order-small:0;--awb-spacing-right-small:1.92%;--awb-spacing-left-small:1.92%;\" data-animationType=\"fadeInLeft\" data-animationDuration=\"0.3\" data-animationDelay=\"0.2\" data-animationOffset=\"top-into-view\" data-scroll-devices=\"small-visibility,medium-visibility,large-visibility\"><div class=\"fusion-column-wrapper fusion-column-has-shadow fusion-flex-justify-content-flex-start fusion-content-layout-column\"><div class=\"fusion-text fusion-text-1\"><h1><span class=\"TextRun MacChromeBold SCXW139692660 BCX8\" lang=\"LV-LV\" xml:lang=\"LV-LV\" data-contrast=\"auto\"><span class=\"NormalTextRun SCXW139692660 BCX8\">Zin\u0101tnisk\u0101s darb\u012bbas\u00a0<\/span><span class=\"NormalTextRun SpellingErrorV2Themed SCXW139692660 BCX8\">digitaliz\u0101cija<\/span><span class=\"NormalTextRun SCXW139692660 BCX8\">\u00a0un dal\u012bba Eiropas Atv\u0113rtaj\u0101 zin\u0101tnes m\u0101kon\u012b<\/span><\/span><span class=\"EOP Selected SCXW139692660 BCX8\" data-ccp-props=\"{&quot;335551550&quot;:2,&quot;335551620&quot;:2}\">\u00a0<\/span><\/h1>\n<\/div><div class=\"fusion-text fusion-text-2\" style=\"--awb-margin-right:30px;\"><p><b><span data-contrast=\"auto\">Projekta numurs:\u202f<\/span><\/b><span data-contrast=\"auto\">1.1.1.6\/1\/25\/I\/001<\/span><span data-ccp-props=\"{}\">\u00a0<\/span><\/p>\n<p><b><span data-contrast=\"auto\">Statuss:\u202f<\/span><\/b><span data-contrast=\"auto\">\u012asteno\u0161an\u0101<\/span><span data-ccp-props=\"{}\">\u00a0<\/span><\/p>\n<p><b><span data-contrast=\"auto\">Laikposms:\u00a0<\/span><\/b><span data-contrast=\"auto\">01.01.2026. \u2013\u00a030.11.2029.<\/span><span data-ccp-props=\"{}\">\u00a0<\/span><\/p>\n<p><b><span data-contrast=\"auto\">Kop\u0113jais finans\u0113jums:\u202f\u00a0<\/span><\/b><span data-contrast=\"auto\"><span style=\"white-space: nowrap;\">16&nbsp;742&nbsp;224<\/span>\u00a0EUR, tai skait\u0101\u00a0ERAF finans\u0113jums \u2013\u00a0<span style=\"white-space: nowrap;\">14&nbsp;230&nbsp;890<\/span>\u00a0EUR\u00a0un valsts bud\u017eeta l\u012bdzfinans\u0113jums \u2013\u00a0<span style=\"white-space: nowrap;\">2&nbsp;511&nbsp;334<\/span>\u00a0EUR\u00a0apm\u0113r\u0101.\u202f<\/span><span data-ccp-props=\"{}\">\u00a0<\/span><\/p>\n<p><b><span data-contrast=\"auto\">Projekta partneri:<\/span><\/b><span data-ccp-props=\"{}\">\u00a0<\/span><\/p>\n<\/div><\/div><\/div><div class=\"fusion-layout-column fusion_builder_column fusion-builder-column-1 fusion_builder_column_1_4 1_4 fusion-flex-column fusion-flex-align-self-center fusion-animated\" style=\"--awb-bg-size:cover;--awb-width-large:25%;--awb-margin-top-large:0px;--awb-spacing-right-large:7.68%;--awb-margin-bottom-large:20px;--awb-spacing-left-large:7.68%;--awb-width-medium:25%;--awb-order-medium:0;--awb-spacing-right-medium:7.68%;--awb-spacing-left-medium:7.68%;--awb-width-small:100%;--awb-order-small:0;--awb-spacing-right-small:1.92%;--awb-spacing-left-small:1.92%;\" data-animationType=\"fadeInLeft\" data-animationDuration=\"0.3\" data-animationDelay=\"0.3\" data-animationOffset=\"top-into-view\" data-scroll-devices=\"small-visibility,medium-visibility,large-visibility\"><div class=\"fusion-column-wrapper fusion-column-has-shadow fusion-flex-justify-content-center fusion-content-layout-column\"><div class=\"fusion-image-element \" style=\"text-align:center;--awb-max-width:210px;--awb-caption-title-font-family:var(--h2_typography-font-family);--awb-caption-title-font-weight:var(--h2_typography-font-weight);--awb-caption-title-font-style:var(--h2_typography-font-style);--awb-caption-title-size:var(--h2_typography-font-size);--awb-caption-title-transform:var(--h2_typography-text-transform);--awb-caption-title-line-height:var(--h2_typography-line-height);--awb-caption-title-letter-spacing:var(--h2_typography-letter-spacing);\"><span class=\" fusion-imageframe imageframe-none imageframe-1 hover-type-none\"><img decoding=\"async\" width=\"500\" height=\"500\" title=\"LBTU500x500 (1)\" src=\"https:\/\/vpc.lv\/wp-content\/uploads\/2025\/08\/LBTU500x500-1.png\" alt class=\"img-responsive wp-image-4767\" srcset=\"https:\/\/vpc.lv\/wp-content\/uploads\/2025\/08\/LBTU500x500-1-200x200.png 200w, https:\/\/vpc.lv\/wp-content\/uploads\/2025\/08\/LBTU500x500-1-400x400.png 400w, https:\/\/vpc.lv\/wp-content\/uploads\/2025\/08\/LBTU500x500-1.png 500w\" sizes=\"(max-width: 640px) 100vw, 400px\" \/><\/span><\/div><\/div><\/div><div class=\"fusion-layout-column fusion_builder_column fusion-builder-column-2 fusion_builder_column_1_4 1_4 fusion-flex-column fusion-flex-align-self-center fusion-animated\" style=\"--awb-bg-size:cover;--awb-width-large:25%;--awb-margin-top-large:0px;--awb-spacing-right-large:7.68%;--awb-margin-bottom-large:20px;--awb-spacing-left-large:7.68%;--awb-width-medium:25%;--awb-order-medium:0;--awb-spacing-right-medium:7.68%;--awb-spacing-left-medium:7.68%;--awb-width-small:100%;--awb-order-small:0;--awb-spacing-right-small:1.92%;--awb-spacing-left-small:1.92%;\" data-animationType=\"fadeInLeft\" data-animationDuration=\"0.3\" data-animationDelay=\"0.4\" data-animationOffset=\"top-into-view\" data-scroll-devices=\"small-visibility,medium-visibility,large-visibility\"><div class=\"fusion-column-wrapper fusion-column-has-shadow fusion-flex-justify-content-center fusion-content-layout-column\"><div class=\"fusion-image-element \" style=\"text-align:center;--awb-max-width:240px;--awb-caption-title-font-family:var(--h2_typography-font-family);--awb-caption-title-font-weight:var(--h2_typography-font-weight);--awb-caption-title-font-style:var(--h2_typography-font-style);--awb-caption-title-size:var(--h2_typography-font-size);--awb-caption-title-transform:var(--h2_typography-text-transform);--awb-caption-title-line-height:var(--h2_typography-line-height);--awb-caption-title-letter-spacing:var(--h2_typography-letter-spacing);\"><span class=\" fusion-imageframe imageframe-none imageframe-2 hover-type-none\"><img decoding=\"async\" width=\"1574\" height=\"1540\" title=\"LU_logotips_LAT-1\" src=\"https:\/\/vpc.lv\/wp-content\/uploads\/2025\/08\/LU_logotips_LAT-1.png\" alt class=\"img-responsive wp-image-4768\" srcset=\"https:\/\/vpc.lv\/wp-content\/uploads\/2025\/08\/LU_logotips_LAT-1-200x196.png 200w, https:\/\/vpc.lv\/wp-content\/uploads\/2025\/08\/LU_logotips_LAT-1-400x391.png 400w, https:\/\/vpc.lv\/wp-content\/uploads\/2025\/08\/LU_logotips_LAT-1-600x587.png 600w, https:\/\/vpc.lv\/wp-content\/uploads\/2025\/08\/LU_logotips_LAT-1-800x783.png 800w, https:\/\/vpc.lv\/wp-content\/uploads\/2025\/08\/LU_logotips_LAT-1-1200x1174.png 1200w, https:\/\/vpc.lv\/wp-content\/uploads\/2025\/08\/LU_logotips_LAT-1.png 1574w\" sizes=\"(max-width: 640px) 100vw, 400px\" \/><\/span><\/div><\/div><\/div><div class=\"fusion-layout-column fusion_builder_column fusion-builder-column-3 fusion_builder_column_1_4 1_4 fusion-flex-column fusion-flex-align-self-center fusion-animated\" style=\"--awb-bg-size:cover;--awb-width-large:25%;--awb-margin-top-large:0px;--awb-spacing-right-large:7.68%;--awb-margin-bottom-large:20px;--awb-spacing-left-large:7.68%;--awb-width-medium:25%;--awb-order-medium:0;--awb-spacing-right-medium:7.68%;--awb-spacing-left-medium:7.68%;--awb-width-small:100%;--awb-order-small:0;--awb-spacing-right-small:1.92%;--awb-spacing-left-small:1.92%;\" data-animationType=\"fadeInLeft\" data-animationDuration=\"0.3\" data-animationDelay=\"0.5\" data-animationOffset=\"top-into-view\" data-scroll-devices=\"small-visibility,medium-visibility,large-visibility\"><div class=\"fusion-column-wrapper fusion-column-has-shadow fusion-flex-justify-content-center fusion-content-layout-column\"><div class=\"fusion-image-element \" style=\"text-align:center;--awb-max-width:250px;--awb-caption-title-font-family:var(--h2_typography-font-family);--awb-caption-title-font-weight:var(--h2_typography-font-weight);--awb-caption-title-font-style:var(--h2_typography-font-style);--awb-caption-title-size:var(--h2_typography-font-size);--awb-caption-title-transform:var(--h2_typography-text-transform);--awb-caption-title-line-height:var(--h2_typography-line-height);--awb-caption-title-letter-spacing:var(--h2_typography-letter-spacing);\"><span class=\" fusion-imageframe imageframe-none imageframe-3 hover-type-none\"><img decoding=\"async\" width=\"1210\" height=\"241\" title=\"RSU-Pamatlogo-Uz-Gaisa\" src=\"https:\/\/vpc.lv\/wp-content\/uploads\/2026\/03\/RSU-Pamatlogo-Uz-Gaisa.png\" alt class=\"img-responsive wp-image-6177\" srcset=\"https:\/\/vpc.lv\/wp-content\/uploads\/2026\/03\/RSU-Pamatlogo-Uz-Gaisa-200x40.png 200w, https:\/\/vpc.lv\/wp-content\/uploads\/2026\/03\/RSU-Pamatlogo-Uz-Gaisa-400x80.png 400w, https:\/\/vpc.lv\/wp-content\/uploads\/2026\/03\/RSU-Pamatlogo-Uz-Gaisa-600x120.png 600w, https:\/\/vpc.lv\/wp-content\/uploads\/2026\/03\/RSU-Pamatlogo-Uz-Gaisa-800x159.png 800w, https:\/\/vpc.lv\/wp-content\/uploads\/2026\/03\/RSU-Pamatlogo-Uz-Gaisa-1200x239.png 1200w, https:\/\/vpc.lv\/wp-content\/uploads\/2026\/03\/RSU-Pamatlogo-Uz-Gaisa.png 1210w\" sizes=\"(max-width: 640px) 100vw, 400px\" \/><\/span><\/div><\/div><\/div><div class=\"fusion-layout-column fusion_builder_column fusion-builder-column-4 fusion_builder_column_1_4 1_4 fusion-flex-column fusion-flex-align-self-center fusion-animated\" style=\"--awb-bg-size:cover;--awb-width-large:25%;--awb-margin-top-large:0px;--awb-spacing-right-large:7.68%;--awb-margin-bottom-large:20px;--awb-spacing-left-large:7.68%;--awb-width-medium:25%;--awb-order-medium:0;--awb-spacing-right-medium:7.68%;--awb-spacing-left-medium:7.68%;--awb-width-small:100%;--awb-order-small:0;--awb-spacing-right-small:1.92%;--awb-spacing-left-small:1.92%;\" data-animationType=\"fadeInLeft\" data-animationDuration=\"0.3\" data-animationDelay=\"0.6\" data-animationOffset=\"top-into-view\" data-scroll-devices=\"small-visibility,medium-visibility,large-visibility\"><div class=\"fusion-column-wrapper fusion-column-has-shadow fusion-flex-justify-content-center fusion-content-layout-column\"><div class=\"fusion-image-element \" style=\"text-align:center;--awb-max-width:220px;--awb-caption-title-font-family:var(--h2_typography-font-family);--awb-caption-title-font-weight:var(--h2_typography-font-weight);--awb-caption-title-font-style:var(--h2_typography-font-style);--awb-caption-title-size:var(--h2_typography-font-size);--awb-caption-title-transform:var(--h2_typography-text-transform);--awb-caption-title-line-height:var(--h2_typography-line-height);--awb-caption-title-letter-spacing:var(--h2_typography-letter-spacing);\"><span class=\" fusion-imageframe imageframe-none imageframe-4 hover-type-none\"><img decoding=\"async\" width=\"900\" height=\"778\" title=\"rtu_logo_lv\" src=\"https:\/\/vpc.lv\/wp-content\/uploads\/2025\/08\/rtu_logo_lv.png\" alt class=\"img-responsive wp-image-4770\" srcset=\"https:\/\/vpc.lv\/wp-content\/uploads\/2025\/08\/rtu_logo_lv-200x173.png 200w, https:\/\/vpc.lv\/wp-content\/uploads\/2025\/08\/rtu_logo_lv-400x346.png 400w, https:\/\/vpc.lv\/wp-content\/uploads\/2025\/08\/rtu_logo_lv-600x519.png 600w, https:\/\/vpc.lv\/wp-content\/uploads\/2025\/08\/rtu_logo_lv-800x692.png 800w, https:\/\/vpc.lv\/wp-content\/uploads\/2025\/08\/rtu_logo_lv.png 900w\" sizes=\"(max-width: 640px) 100vw, 400px\" \/><\/span><\/div><\/div><\/div><div class=\"fusion-layout-column fusion_builder_column fusion-builder-column-5 fusion_builder_column_1_1 1_1 fusion-flex-column fusion-animated\" style=\"--awb-bg-size:cover;--awb-width-large:100%;--awb-margin-top-large:0px;--awb-spacing-right-large:1.92%;--awb-margin-bottom-large:20px;--awb-spacing-left-large:1.92%;--awb-width-medium:100%;--awb-order-medium:0;--awb-spacing-right-medium:1.92%;--awb-spacing-left-medium:1.92%;--awb-width-small:100%;--awb-order-small:0;--awb-spacing-right-small:1.92%;--awb-spacing-left-small:1.92%;\" data-animationType=\"fadeInLeft\" data-animationDuration=\"0.3\" data-animationDelay=\"0.3\" data-animationOffset=\"top-into-view\" data-scroll-devices=\"small-visibility,medium-visibility,large-visibility\"><div class=\"fusion-column-wrapper fusion-column-has-shadow fusion-flex-justify-content-flex-start fusion-content-layout-column\"><div class=\"fusion-text fusion-text-3\"><p><b><span data-contrast=\"auto\">Projekta m\u0113r\u0137is\u00a0<\/span><\/b><span data-contrast=\"auto\">ir\u202f nodro\u0161in\u0101t Latvijas p\u0113tniekiem dro\u0161u, m\u016bsdien\u012bgu un \u0113rtu piek\u013cuvi un dal\u012b\u0161anos ar kvalitat\u012bvi p\u0101rvald\u012btiem p\u0113tniec\u012bbas datiem, piek\u013cuvi datu apstr\u0101des r\u012bkiem un digit\u0101liem p\u0113tniec\u012bbas pakalpojumiem, nodro\u0161in\u0101t Latvijas iek\u013cau\u0161anos Eiropas P\u0113tniec\u012bbas telp\u0101, starpnozaru un starptautisko sadarb\u012bbu, lielo datu un m\u0101ksl\u012bg\u0101 intelekta potenci\u0101la izmanto\u0161anu, izveidojot un ievie\u0161ot EOSC nacion\u0101lo mezglu un koplieto\u0161anas pakalpojumus datu izmanto\u0161anai.\u202f<\/span><span data-ccp-props=\"{\">\u00a0<\/span><\/p>\n<p><b><span data-contrast=\"auto\">Projekta galven\u0101s darb\u012bbas:<\/span><\/b><span data-ccp-props=\"{}\">\u00a0<\/span><\/p>\n<ol>\n<li aria-setsize=\"-1\" data-leveltext=\"%1.\" data-font=\"\" data-listid=\"7\" data-list-defn-props=\"{\" data-aria-posinset=\"1\" data-aria-level=\"1\"><span data-contrast=\"auto\">Izveidota EOSC nacion\u0101l\u0101 mezgla p\u0101rvald\u012bbas un savieno\u0161anas platforma, kas ietver savienojumu ar Eiropas Savien\u012bbas EOSC mezglu un t\u0101 feder\u0101cijas noteikumiem atbilsto\u0161as digit\u0101l\u0101s p\u0113tniec\u012bbas infrastrukt\u016bras un pakalpojumu p\u0101rvald\u012bbas un savienojumu risin\u0101jumu izstr\u0101di, ievie\u0161anu un nodro\u0161in\u0101\u0161anu projekta norises laik\u0101;<\/span><span data-ccp-props=\"{\">\u00a0<\/span><\/li>\n<li aria-setsize=\"-1\" data-leveltext=\"%1.\" data-font=\"\" data-listid=\"7\" data-list-defn-props=\"{\" data-aria-posinset=\"2\" data-aria-level=\"1\"><span data-contrast=\"auto\">EOSC nacion\u0101l\u0101 mezgla t\u012bkla risin\u0101juma izstr\u0101de, ievie\u0161ana un nodro\u0161in\u0101\u0161ana projekta norises laik\u0101. Atbalst\u0101m\u0101 darb\u012bba ietver t\u012bkla risin\u0101juma iek\u0101rtu, apr\u012bkojuma un aparat\u016bras uzst\u0101d\u012b\u0161anai nepiecie\u0161amo telpu piel\u0101go\u0161anu, atjauno\u0161anu un p\u0101rb\u016bvi;<\/span><span data-ccp-props=\"{\">\u00a0<\/span><\/li>\n<li aria-setsize=\"-1\" data-leveltext=\"%1.\" data-font=\"\" data-listid=\"7\" data-list-defn-props=\"{\" data-aria-posinset=\"3\" data-aria-level=\"1\"><span data-contrast=\"auto\">EOSC nacion\u0101l\u0101 mezgla un t\u012bkla p\u0101rvald\u012bbas un dro\u0161\u012bbas pakalpojumu, autoriz\u0101cijas un autentifik\u0101cijas infrastrukt\u016bras un pakalpojumu, k\u0101 ar\u012b\u00a0kiberdro\u0161\u012bbas\u00a0atbilst\u012bbas un\u00a0kiberdro\u0161\u012bbas\u00a0pakalpojumu izstr\u0101de, ievie\u0161ana un nodro\u0161in\u0101\u0161ana projekta norises laik\u0101;<\/span><span data-ccp-props=\"{\">\u00a0<\/span><\/li>\n<li aria-setsize=\"-1\" data-leveltext=\"%1.\" data-font=\"\" data-listid=\"7\" data-list-defn-props=\"{\" data-aria-posinset=\"4\" data-aria-level=\"1\"><span data-contrast=\"auto\">FAIR datu p\u0101rvald\u012bbas principos balst\u012btu EOSC nacion\u0101l\u0101 mezgla p\u0113tniec\u012bbas datu digit\u0101lo pakalpojumu (tai skait\u0101 datu un saist\u012bto digit\u0101lo resursu un r\u012bku koplieto\u0161anas\u00a0un publisko\u0161anas platformas, repozitoriju, datu dro\u0161\u0101s apstr\u0101des vides, datu apstr\u0101des r\u012bku un programmat\u016bras, datos balst\u012btas p\u0113tniec\u012bbas p\u0101rvald\u012bbas pakalpojumu, datu dro\u0161\u0101s uzglab\u0101\u0161anas un skait\u013co\u0161anas resursu un pakalpojumu) izstr\u0101de, ievie\u0161ana un nodro\u0161in\u0101\u0161ana projekta norises laik\u0101;<\/span><span data-ccp-props=\"{\">\u00a0<\/span><\/li>\n<li aria-setsize=\"-1\" data-leveltext=\"%1.\" data-font=\"\" data-listid=\"7\" data-list-defn-props=\"{\" data-aria-posinset=\"5\" data-aria-level=\"1\"><span data-contrast=\"auto\">EOSC nacion\u0101laj\u0101 mezgl\u0101 iek\u013cauto pakalpojumu p\u0101rvald\u012bbas, mekl\u0113\u0161anas un sadarb\u012bbas vides (lietot\u0101ju un administratoru vides) izstr\u0101de, ievie\u0161ana un nodro\u0161in\u0101\u0161ana;<\/span><span data-ccp-props=\"{\">\u00a0<\/span><\/li>\n<li aria-setsize=\"-1\" data-leveltext=\"%1.\" data-font=\"\" data-listid=\"7\" data-list-defn-props=\"{\" data-aria-posinset=\"6\" data-aria-level=\"1\"><span data-contrast=\"auto\">EOSC nacion\u0101l\u0101 mezgla uztur\u0113\u0161anas, p\u0101rvald\u012bbas, att\u012bst\u012bbas un atbalsta organiz\u0101cijas sist\u0113mas izveido\u0161ana, iek\u013caujot EOSC nacion\u0101l\u0101 mezgla monitoringa sist\u0113mas izveido\u0161anu un ievie\u0161anu, atbalsta pakalpojumu, p\u0101rvald\u012bbas un att\u012bst\u012bbas funkciju izveidi un to nodro\u0161in\u0101\u0161anu projekta norises laik\u0101. Atbalst\u0101m\u0101 darb\u012bba ietver p\u0113tniec\u012bbas organiz\u0101ciju sadarb\u012bbas proced\u016bru izveidi digit\u0101l\u0101s p\u0113tniec\u012bbas infrastrukt\u016bras un pakalpojumu snieg\u0161anai, pakalpojumu koplieto\u0161anas un sadarb\u012bbas organizatorisko strukt\u016bru un nosac\u012bjumu izstr\u0101di un ievie\u0161anu EOSC nacion\u0101laj\u0101 mezgl\u0101 un p\u0113tniec\u012bbas organiz\u0101cij\u0101s;<\/span><span data-ccp-props=\"{\">\u00a0<\/span><\/li>\n<li aria-setsize=\"-1\" data-leveltext=\"%1.\" data-font=\"\" data-listid=\"7\" data-list-defn-props=\"{\" data-aria-posinset=\"7\" data-aria-level=\"1\"><span data-contrast=\"auto\">Ar EOSC nacion\u0101l\u0101 mezgla infrastrukt\u016bras un pakalpojumu ievie\u0161anu, att\u012bst\u012bbu un p\u0101rvald\u012bbu saist\u012bt\u0101 person\u0101la kompeten\u010du pilnveide. Atbalst\u0101m\u0101 darb\u012bba ietver zin\u0101tnisk\u0101 person\u0101la, p\u0113tniec\u012bbas organiz\u0101ciju administrat\u012bv\u0101 person\u0101la, sist\u0113mu lietot\u0101ju un apkalpojo\u0161\u0101 person\u0101la m\u0101c\u012bbas un inform\u0113\u0161anu par darbu ar EOSC nacion\u0101l\u0101 mezgla pakalpojumiem, ieskaitot pas\u0101kumus un materi\u0101lu sagatavo\u0161anu;<\/span><span data-ccp-props=\"{\">\u00a0<\/span><\/li>\n<li aria-setsize=\"-1\" data-leveltext=\"%1.\" data-font=\"\" data-listid=\"7\" data-list-defn-props=\"{\" data-aria-posinset=\"8\" data-aria-level=\"1\"><span data-contrast=\"auto\">Projekta vad\u012bbas un \u012bsteno\u0161anas nodro\u0161in\u0101\u0161ana;<\/span><span data-ccp-props=\"{\">\u00a0<\/span><\/li>\n<li aria-setsize=\"-1\" data-leveltext=\"%1.\" data-font=\"\" data-listid=\"7\" data-list-defn-props=\"{\" data-aria-posinset=\"9\" data-aria-level=\"1\"><span data-contrast=\"auto\">Komunik\u0101cijas un vizu\u0101l\u0101s identit\u0101tes pras\u012bbu nodro\u0161in\u0101\u0161anas pas\u0101kumi.<\/span><span data-ccp-props=\"{\">\u00a0<\/span><\/li>\n<\/ol>\n<p><b><span data-contrast=\"auto\">Projekta ietvaros sasniedzamie nacion\u0101lie r\u0101d\u012bt\u0101ji:<\/span><\/b><span data-ccp-props=\"{}\">\u00a0<\/span><\/p>\n<ol>\n<li aria-setsize=\"-1\" data-leveltext=\"%1.\" data-font=\"\" data-listid=\"8\" data-list-defn-props=\"{\" data-aria-posinset=\"1\" data-aria-level=\"1\"><span data-contrast=\"auto\">Izveidots viens dro\u0161s EOSC nacion\u0101l\u0101 mezgla nacion\u0101lais p\u0113tniec\u012bbas un akad\u0113misko datu p\u0101rraides t\u012bklu l\u012bdz 2026. gada 1. apr\u012blim;<\/span><span data-ccp-props=\"{\">\u00a0<\/span><\/li>\n<li aria-setsize=\"-1\" data-leveltext=\"%1.\" data-font=\"\" data-listid=\"8\" data-list-defn-props=\"{\" data-aria-posinset=\"2\" data-aria-level=\"1\"><span data-contrast=\"auto\">Nodro\u0161in\u0101ts vismaz 26 EOSC nacion\u0101l\u0101 mezgla t\u012bkla lietot\u0101js (instit\u016bcijas) l\u012bdz 2026. gada 30. oktobrim;<\/span><span data-ccp-props=\"{\">\u00a0<\/span><\/li>\n<li aria-setsize=\"-1\" data-leveltext=\"%1.\" data-font=\"\" data-listid=\"8\" data-list-defn-props=\"{\" data-aria-posinset=\"3\" data-aria-level=\"1\"><span data-contrast=\"auto\">Izveidoti vismaz 3 lietot\u0101jiem pieejami EOSC nacion\u0101l\u0101 mezgla p\u0101rvald\u012bbas un dro\u0161\u012bbas pakalpojumi ar piln\u012bb\u0101 darbojo\u0161os funkcionalit\u0101ti l\u012bdz 2029. gada 31. martam;<\/span><span data-ccp-props=\"{\">\u00a0<\/span><\/li>\n<li aria-setsize=\"-1\" data-leveltext=\"%1.\" data-font=\"\" data-listid=\"8\" data-list-defn-props=\"{\" data-aria-posinset=\"4\" data-aria-level=\"1\"><span data-contrast=\"auto\">Izveidoti vismaz 5 lietot\u0101jiem pieejami EOSC nacion\u0101l\u0101 mezgla datu izmanto\u0161anas pakalpojumi ar piln\u012bb\u0101 darbojo\u0161os funkcionalit\u0101ti l\u012bdz 2029. gada 31. martam;<\/span><span data-ccp-props=\"{\">\u00a0<\/span><\/li>\n<li aria-setsize=\"-1\" data-leveltext=\"%1.\" data-font=\"\" data-listid=\"8\" data-list-defn-props=\"{\" data-aria-posinset=\"5\" data-aria-level=\"1\"><span data-contrast=\"auto\">Izveidots viens lietot\u0101jiem pieejams EOSC nacion\u0101lais mezgls ar piln\u012bb\u0101 darbojo\u0161os funkcionalit\u0101ti ar t\u012bkla, dro\u0161\u012bbas pakalpojumu, datu izmanto\u0161anas r\u012bku p\u0101rvald\u012bbas un mekl\u0113\u0161anas vidi un datu dro\u0161\u0101s glab\u0101\u0161anas un apstr\u0101des vidi l\u012bdz 2029. gada 30. novembrim;<\/span><span data-ccp-props=\"{\">\u00a0<\/span><\/li>\n<li aria-setsize=\"-1\" data-leveltext=\"%1.\" data-font=\"\" data-listid=\"8\" data-list-defn-props=\"{\" data-aria-posinset=\"6\" data-aria-level=\"1\"><span data-contrast=\"auto\">Nodro\u0161in\u0101ti vismaz 26 EOSC nacion\u0101l\u0101 mezgla un taj\u0101 iek\u013cauto p\u0101rvald\u012bbas, dro\u0161\u012bbas un datu izmanto\u0161anas pakalpojumu lietot\u0101ji (instit\u016bcijas) l\u012bdz 2029. gada 30. novembrim.<\/span><span data-ccp-props=\"{\">\u00a0<\/span><\/li>\n<\/ol>\n<p><span data-contrast=\"auto\">Projektu \u012bsteno biedr\u012bba &#8220;Augst\u0101k\u0101s izgl\u012bt\u012bbas un zin\u0101tnes inform\u0101cijas tehnolo\u0123ijas koplieto\u0161anas pakalpojumu centrs&#8221; sadarb\u012bb\u0101 ar zin\u0101tnes universit\u0101t\u0113m: Latvijas Universit\u0101ti, R\u012bgas Tehnisko universit\u0101ti, R\u012bgas Stradi\u0146a universit\u0101ti un Latvijas\u00a0Biozin\u0101t\u0146u\u00a0un tehnolo\u0123iju universit\u0101ti.\u202f<\/span><span data-ccp-props=\"{\">\u00a0<\/span><\/p>\n<\/div><div class=\"fusion-image-element \" style=\"text-align:center;--awb-max-width:350px;--awb-caption-title-font-family:var(--h2_typography-font-family);--awb-caption-title-font-weight:var(--h2_typography-font-weight);--awb-caption-title-font-style:var(--h2_typography-font-style);--awb-caption-title-size:var(--h2_typography-font-size);--awb-caption-title-transform:var(--h2_typography-text-transform);--awb-caption-title-line-height:var(--h2_typography-line-height);--awb-caption-title-letter-spacing:var(--h2_typography-letter-spacing);\"><span class=\" fusion-imageframe imageframe-none imageframe-5 hover-type-none\"><img decoding=\"async\" width=\"410\" height=\"174\" title=\"LIDZFINANSE-ESNAP-1 1\" src=\"https:\/\/vpc.lv\/wp-content\/uploads\/2026\/01\/LIDZFINANSE-ESNAP-1-1-1.png\" alt class=\"img-responsive wp-image-6071\" srcset=\"https:\/\/vpc.lv\/wp-content\/uploads\/2026\/01\/LIDZFINANSE-ESNAP-1-1-1-200x85.png 200w, https:\/\/vpc.lv\/wp-content\/uploads\/2026\/01\/LIDZFINANSE-ESNAP-1-1-1-400x170.png 400w, https:\/\/vpc.lv\/wp-content\/uploads\/2026\/01\/LIDZFINANSE-ESNAP-1-1-1.png 410w\" sizes=\"(max-width: 640px) 100vw, 410px\" \/><\/span><\/div><\/div><\/div><\/div><\/div>\n","protected":false},"excerpt":{"rendered":"","protected":false},"author":3,"featured_media":0,"parent":0,"menu_order":0,"comment_status":"closed","ping_status":"closed","template":"100-width.php","meta":{"footnotes":""},"class_list":["post-6525","page","type-page","status-publish","hentry"],"_links":{"self":[{"href":"https:\/\/vpc.lv\/lv\/wp-json\/wp\/v2\/pages\/6525","targetHints":{"allow":["GET"]}}],"collection":[{"href":"https:\/\/vpc.lv\/lv\/wp-json\/wp\/v2\/pages"}],"about":[{"href":"https:\/\/vpc.lv\/lv\/wp-json\/wp\/v2\/types\/page"}],"author":[{"embeddable":true,"href":"https:\/\/vpc.lv\/lv\/wp-json\/wp\/v2\/users\/3"}],"replies":[{"embeddable":true,"href":"https:\/\/vpc.lv\/lv\/wp-json\/wp\/v2\/comments?post=6525"}],"version-history":[{"count":10,"href":"https:\/\/vpc.lv\/lv\/wp-json\/wp\/v2\/pages\/6525\/revisions"}],"predecessor-version":[{"id":6564,"href":"https:\/\/vpc.lv\/lv\/wp-json\/wp\/v2\/pages\/6525\/revisions\/6564"}],"wp:attachment":[{"href":"https:\/\/vpc.lv\/lv\/wp-json\/wp\/v2\/media?parent=6525"}],"curies":[{"name":"wp","href":"https:\/\/api.w.org\/{rel}","templated":true}]}}