{"id":6495,"date":"2026-04-20T11:46:27","date_gmt":"2026-04-20T09:46:27","guid":{"rendered":"https:\/\/vpc.lv\/?page_id=6495"},"modified":"2026-04-22T10:40:47","modified_gmt":"2026-04-22T08:40:47","slug":"spd","status":"publish","type":"page","link":"https:\/\/vpc.lv\/lv\/spd\/","title":{"rendered":"Studiju procesa digitaliz\u0101cija"},"content":{"rendered":"<div class=\"fusion-fullwidth fullwidth-box fusion-builder-row-1 fusion-flex-container has-pattern-background has-mask-background nonhundred-percent-fullwidth non-hundred-percent-height-scrolling\" style=\"--awb-border-radius-top-left:0px;--awb-border-radius-top-right:0px;--awb-border-radius-bottom-right:0px;--awb-border-radius-bottom-left:0px;--awb-padding-bottom:80px;--awb-margin-top:80px;--awb-flex-wrap:wrap;\" ><div class=\"fusion-builder-row fusion-row fusion-flex-align-items-center fusion-flex-content-wrap\" style=\"max-width:1248px;margin-left: calc(-4% \/ 2 );margin-right: calc(-4% \/ 2 );\"><div class=\"fusion-layout-column fusion_builder_column fusion-builder-column-0 fusion_builder_column_1_1 1_1 fusion-flex-column fusion-animated\" style=\"--awb-bg-size:cover;--awb-width-large:100%;--awb-margin-top-large:0px;--awb-spacing-right-large:1.92%;--awb-margin-bottom-large:0px;--awb-spacing-left-large:1.92%;--awb-width-medium:100%;--awb-order-medium:0;--awb-spacing-right-medium:1.92%;--awb-spacing-left-medium:1.92%;--awb-width-small:100%;--awb-order-small:0;--awb-spacing-right-small:1.92%;--awb-spacing-left-small:1.92%;\" data-animationType=\"fadeInLeft\" data-animationDuration=\"0.3\" data-animationDelay=\"0.2\" data-animationOffset=\"top-into-view\" data-scroll-devices=\"small-visibility,medium-visibility,large-visibility\"><div class=\"fusion-column-wrapper fusion-column-has-shadow fusion-flex-justify-content-flex-start fusion-content-layout-column\"><div class=\"fusion-text fusion-text-1\"><h1><strong>Studiju procesa digitaliz\u0101cija<\/strong><\/h1>\n<\/div><div class=\"fusion-text fusion-text-2\" style=\"--awb-margin-right:30px;\"><p><strong>Projekta numurs:\u00a04.2.2.11\/1\/25\/I\/001<\/strong><\/p>\n<p><strong>Statuss:\u00a0\u012asteno\u0161an\u0101<\/strong><\/p>\n<p><strong>Laikposms:\u00a031.05.2025. \u2013 30.11.2029.<\/strong><\/p>\n<p><strong>Kop\u0113jais finans\u0113jums:<\/strong> 23 438 762 Euro, tai skait\u0101 ESF+ finans\u0113jums \u2013 19 922 947 Euro un valsts bud\u017eeta l\u012bdzfinans\u0113jums \u2013 3 515 815 Euro apm\u0113r\u0101.<\/p>\n<p><strong>Partneru skaits:\u00a04<\/strong><\/p>\n<\/div><\/div><\/div><div class=\"fusion-layout-column fusion_builder_column fusion-builder-column-1 fusion_builder_column_1_4 1_4 fusion-flex-column fusion-flex-align-self-center fusion-animated\" style=\"--awb-bg-size:cover;--awb-width-large:25%;--awb-margin-top-large:0px;--awb-spacing-right-large:7.68%;--awb-margin-bottom-large:20px;--awb-spacing-left-large:7.68%;--awb-width-medium:25%;--awb-order-medium:0;--awb-spacing-right-medium:7.68%;--awb-spacing-left-medium:7.68%;--awb-width-small:100%;--awb-order-small:0;--awb-spacing-right-small:1.92%;--awb-spacing-left-small:1.92%;\" data-animationType=\"fadeInLeft\" data-animationDuration=\"0.3\" data-animationDelay=\"0.3\" data-animationOffset=\"top-into-view\" data-scroll-devices=\"small-visibility,medium-visibility,large-visibility\"><div class=\"fusion-column-wrapper fusion-column-has-shadow fusion-flex-justify-content-center fusion-content-layout-column\"><div class=\"fusion-image-element \" style=\"text-align:center;--awb-max-width:210px;--awb-caption-title-font-family:var(--h2_typography-font-family);--awb-caption-title-font-weight:var(--h2_typography-font-weight);--awb-caption-title-font-style:var(--h2_typography-font-style);--awb-caption-title-size:var(--h2_typography-font-size);--awb-caption-title-transform:var(--h2_typography-text-transform);--awb-caption-title-line-height:var(--h2_typography-line-height);--awb-caption-title-letter-spacing:var(--h2_typography-letter-spacing);\"><span class=\" fusion-imageframe imageframe-none imageframe-1 hover-type-none\"><img decoding=\"async\" width=\"500\" height=\"500\" title=\"LBTU500x500 (2)\" src=\"https:\/\/vpc.lv\/wp-content\/uploads\/2025\/08\/LBTU500x500-2.png\" alt class=\"img-responsive wp-image-5016\" srcset=\"https:\/\/vpc.lv\/wp-content\/uploads\/2025\/08\/LBTU500x500-2-200x200.png 200w, https:\/\/vpc.lv\/wp-content\/uploads\/2025\/08\/LBTU500x500-2-400x400.png 400w, https:\/\/vpc.lv\/wp-content\/uploads\/2025\/08\/LBTU500x500-2.png 500w\" sizes=\"(max-width: 640px) 100vw, 400px\" \/><\/span><\/div><\/div><\/div><div class=\"fusion-layout-column fusion_builder_column fusion-builder-column-2 fusion_builder_column_1_4 1_4 fusion-flex-column fusion-flex-align-self-center fusion-animated\" style=\"--awb-bg-size:cover;--awb-width-large:25%;--awb-margin-top-large:0px;--awb-spacing-right-large:7.68%;--awb-margin-bottom-large:20px;--awb-spacing-left-large:7.68%;--awb-width-medium:25%;--awb-order-medium:0;--awb-spacing-right-medium:7.68%;--awb-spacing-left-medium:7.68%;--awb-width-small:100%;--awb-order-small:0;--awb-spacing-right-small:1.92%;--awb-spacing-left-small:1.92%;\" data-animationType=\"fadeInLeft\" data-animationDuration=\"0.3\" data-animationDelay=\"0.4\" data-animationOffset=\"top-into-view\" data-scroll-devices=\"small-visibility,medium-visibility,large-visibility\"><div class=\"fusion-column-wrapper fusion-column-has-shadow fusion-flex-justify-content-center fusion-content-layout-column\"><div class=\"fusion-image-element \" style=\"text-align:center;--awb-max-width:240px;--awb-caption-title-font-family:var(--h2_typography-font-family);--awb-caption-title-font-weight:var(--h2_typography-font-weight);--awb-caption-title-font-style:var(--h2_typography-font-style);--awb-caption-title-size:var(--h2_typography-font-size);--awb-caption-title-transform:var(--h2_typography-text-transform);--awb-caption-title-line-height:var(--h2_typography-line-height);--awb-caption-title-letter-spacing:var(--h2_typography-letter-spacing);\"><span class=\" fusion-imageframe imageframe-none imageframe-2 hover-type-none\"><img decoding=\"async\" width=\"1574\" height=\"1540\" title=\"LU_logotips_LAT-1\" src=\"https:\/\/vpc.lv\/wp-content\/uploads\/2025\/08\/LU_logotips_LAT-1.png\" alt class=\"img-responsive wp-image-4768\" srcset=\"https:\/\/vpc.lv\/wp-content\/uploads\/2025\/08\/LU_logotips_LAT-1-200x196.png 200w, https:\/\/vpc.lv\/wp-content\/uploads\/2025\/08\/LU_logotips_LAT-1-400x391.png 400w, https:\/\/vpc.lv\/wp-content\/uploads\/2025\/08\/LU_logotips_LAT-1-600x587.png 600w, https:\/\/vpc.lv\/wp-content\/uploads\/2025\/08\/LU_logotips_LAT-1-800x783.png 800w, https:\/\/vpc.lv\/wp-content\/uploads\/2025\/08\/LU_logotips_LAT-1-1200x1174.png 1200w, https:\/\/vpc.lv\/wp-content\/uploads\/2025\/08\/LU_logotips_LAT-1.png 1574w\" sizes=\"(max-width: 640px) 100vw, 400px\" \/><\/span><\/div><\/div><\/div><div class=\"fusion-layout-column fusion_builder_column fusion-builder-column-3 fusion_builder_column_1_4 1_4 fusion-flex-column fusion-flex-align-self-center fusion-animated\" style=\"--awb-bg-size:cover;--awb-width-large:25%;--awb-margin-top-large:0px;--awb-spacing-right-large:7.68%;--awb-margin-bottom-large:20px;--awb-spacing-left-large:7.68%;--awb-width-medium:25%;--awb-order-medium:0;--awb-spacing-right-medium:7.68%;--awb-spacing-left-medium:7.68%;--awb-width-small:100%;--awb-order-small:0;--awb-spacing-right-small:1.92%;--awb-spacing-left-small:1.92%;\" data-animationType=\"fadeInLeft\" data-animationDuration=\"0.3\" data-animationDelay=\"0.5\" data-animationOffset=\"top-into-view\" data-scroll-devices=\"small-visibility,medium-visibility,large-visibility\"><div class=\"fusion-column-wrapper fusion-column-has-shadow fusion-flex-justify-content-center fusion-content-layout-column\"><div class=\"fusion-image-element \" style=\"text-align:center;--awb-max-width:250px;--awb-caption-title-font-family:var(--h2_typography-font-family);--awb-caption-title-font-weight:var(--h2_typography-font-weight);--awb-caption-title-font-style:var(--h2_typography-font-style);--awb-caption-title-size:var(--h2_typography-font-size);--awb-caption-title-transform:var(--h2_typography-text-transform);--awb-caption-title-line-height:var(--h2_typography-line-height);--awb-caption-title-letter-spacing:var(--h2_typography-letter-spacing);\"><span class=\" fusion-imageframe imageframe-none imageframe-3 hover-type-none\"><img decoding=\"async\" width=\"1210\" height=\"241\" title=\"RSU-Pamatlogo-Uz-Gaisa\" src=\"https:\/\/vpc.lv\/wp-content\/uploads\/2026\/03\/RSU-Pamatlogo-Uz-Gaisa.png\" alt class=\"img-responsive wp-image-6177\" srcset=\"https:\/\/vpc.lv\/wp-content\/uploads\/2026\/03\/RSU-Pamatlogo-Uz-Gaisa-200x40.png 200w, https:\/\/vpc.lv\/wp-content\/uploads\/2026\/03\/RSU-Pamatlogo-Uz-Gaisa-400x80.png 400w, https:\/\/vpc.lv\/wp-content\/uploads\/2026\/03\/RSU-Pamatlogo-Uz-Gaisa-600x120.png 600w, https:\/\/vpc.lv\/wp-content\/uploads\/2026\/03\/RSU-Pamatlogo-Uz-Gaisa-800x159.png 800w, https:\/\/vpc.lv\/wp-content\/uploads\/2026\/03\/RSU-Pamatlogo-Uz-Gaisa-1200x239.png 1200w, https:\/\/vpc.lv\/wp-content\/uploads\/2026\/03\/RSU-Pamatlogo-Uz-Gaisa.png 1210w\" sizes=\"(max-width: 640px) 100vw, 400px\" \/><\/span><\/div><\/div><\/div><div class=\"fusion-layout-column fusion_builder_column fusion-builder-column-4 fusion_builder_column_1_4 1_4 fusion-flex-column fusion-flex-align-self-center fusion-animated\" style=\"--awb-bg-size:cover;--awb-width-large:25%;--awb-margin-top-large:0px;--awb-spacing-right-large:7.68%;--awb-margin-bottom-large:20px;--awb-spacing-left-large:7.68%;--awb-width-medium:25%;--awb-order-medium:0;--awb-spacing-right-medium:7.68%;--awb-spacing-left-medium:7.68%;--awb-width-small:100%;--awb-order-small:0;--awb-spacing-right-small:1.92%;--awb-spacing-left-small:1.92%;\" data-animationType=\"fadeInLeft\" data-animationDuration=\"0.3\" data-animationDelay=\"0.5\" data-animationOffset=\"top-into-view\" data-scroll-devices=\"small-visibility,medium-visibility,large-visibility\"><div class=\"fusion-column-wrapper fusion-column-has-shadow fusion-flex-justify-content-center fusion-content-layout-column\"><div class=\"fusion-image-element \" style=\"text-align:center;--awb-max-width:170px;--awb-caption-title-font-family:var(--h2_typography-font-family);--awb-caption-title-font-weight:var(--h2_typography-font-weight);--awb-caption-title-font-style:var(--h2_typography-font-style);--awb-caption-title-size:var(--h2_typography-font-size);--awb-caption-title-transform:var(--h2_typography-text-transform);--awb-caption-title-line-height:var(--h2_typography-line-height);--awb-caption-title-letter-spacing:var(--h2_typography-letter-spacing);\"><span class=\" fusion-imageframe imageframe-none imageframe-4 hover-type-none\"><img decoding=\"async\" width=\"900\" height=\"778\" title=\"rtu_logo_lv\" src=\"https:\/\/vpc.lv\/wp-content\/uploads\/2025\/08\/rtu_logo_lv.png\" alt class=\"img-responsive wp-image-4770\" srcset=\"https:\/\/vpc.lv\/wp-content\/uploads\/2025\/08\/rtu_logo_lv-200x173.png 200w, https:\/\/vpc.lv\/wp-content\/uploads\/2025\/08\/rtu_logo_lv-400x346.png 400w, https:\/\/vpc.lv\/wp-content\/uploads\/2025\/08\/rtu_logo_lv-600x519.png 600w, https:\/\/vpc.lv\/wp-content\/uploads\/2025\/08\/rtu_logo_lv-800x692.png 800w, https:\/\/vpc.lv\/wp-content\/uploads\/2025\/08\/rtu_logo_lv.png 900w\" sizes=\"(max-width: 640px) 100vw, 400px\" \/><\/span><\/div><\/div><\/div><div class=\"fusion-layout-column fusion_builder_column fusion-builder-column-5 fusion_builder_column_1_1 1_1 fusion-flex-column fusion-animated\" style=\"--awb-bg-size:cover;--awb-width-large:100%;--awb-margin-top-large:0px;--awb-spacing-right-large:1.92%;--awb-margin-bottom-large:20px;--awb-spacing-left-large:1.92%;--awb-width-medium:100%;--awb-order-medium:0;--awb-spacing-right-medium:1.92%;--awb-spacing-left-medium:1.92%;--awb-width-small:100%;--awb-order-small:0;--awb-spacing-right-small:1.92%;--awb-spacing-left-small:1.92%;\" data-animationType=\"fadeInLeft\" data-animationDuration=\"0.3\" data-animationDelay=\"0.3\" data-animationOffset=\"top-into-view\" data-scroll-devices=\"small-visibility,medium-visibility,large-visibility\"><div class=\"fusion-column-wrapper fusion-column-has-shadow fusion-flex-justify-content-flex-start fusion-content-layout-column\"><div class=\"fusion-text fusion-text-3\" style=\"--awb-margin-right:30px;\"><p><strong>Projekta m\u0113r\u0137is: <\/strong>ieviest digit\u0101los risin\u0101jumus, tai skait\u0101 koplieto\u0161anas risin\u0101jumus, studiju vad\u012bbas sist\u0113mu un procesu moderniz\u0101cijai, studentcentr\u0113ta un elast\u012bga studiju procesa nodro\u0161in\u0101\u0161anai un Latvijas augst\u0101k\u0101s izgl\u012bt\u012bbas instit\u016bciju konkur\u0113tsp\u0113jas paaugstin\u0101\u0161anai.<\/p>\n<p><strong>Projekta galvenie uzdevumi:<\/strong><\/p>\n<ol>\n<li>Izveidots studiju vad\u012bbas sist\u0113mas koplieto\u0161anas risin\u0101jums, ietverot:\n<ul>\n<li>studiju programmu kataloga izveidi;<\/li>\n<li>studiju un m\u0101c\u012bbu kursu kataloga izveidi;<\/li>\n<li>integr\u0101cijas risin\u0101jumus ar vienoto izgl\u012bt\u012bbu apliecino\u0161o dokumentu re\u0123istru;<\/li>\n<li>elektroniskas stud\u0113jo\u0161o personas lietas (e-lietas) izveidi.<\/li>\n<\/ul>\n<\/li>\n<li>Izveidoti atbalsta risin\u0101jumi augst\u0101k\u0101s izgl\u012bt\u012bbas instit\u016bciju studiju procesa digitaliz\u0101cijai, ietverot:\n<ul>\n<li>augst\u0101k\u0101s izgl\u012bt\u012bbas instit\u016bciju integr\u0113t\u0101s digit\u0101lo resursu un bibliot\u0113kas vad\u012bbas sist\u0113mas izveidi da\u017e\u0101du inform\u0101cijas resursu efekt\u012bv\u0101kai izmanto\u0161anai, p\u0101rvald\u012bbai un lietot\u0101ju pieredzes uzlabo\u0161anai;<\/li>\n<li>vienotas stud\u0113jo\u0161o prakses p\u0101rvald\u012bbas sist\u0113mu izveidi, nodro\u0161inot vienotu pieeju prak\u0161u mekl\u0113\u0161anai, pieteik\u0161anai un p\u0101rvald\u012bbai;<\/li>\n<li>studiju procesa nov\u0113rt\u0113\u0161anas sist\u0113mas izveidi, tai skait\u0101 nov\u0113rt\u0113juma anketu satura veido\u0161anu, nodro\u0161inot savlaic\u012bgu atgriezenisko saiti studiju procesa\u00a0 un kvalit\u0101tes nep\u0101rtrauktai uzlabo\u0161anai;<\/li>\n<li>personas datu izmanto\u0161anas piekri\u0161anas p\u0101rvald\u012bbas sist\u0113mas izveidi stud\u0113jo\u0161o p\u0113t\u012bjumu veik\u0161anai, nodro\u0161inot skaidru un p\u0101rredzamu inform\u0101cijas par datu apstr\u0101des procesiem, veicinot dal\u012bbnieku inform\u0113t\u012bbu.<\/li>\n<\/ul>\n<\/li>\n<li>Izveidoti risin\u0101jumi un piel\u0101gojumi studiju vad\u012bbas koplieto\u0161anas risin\u0101jumu integr\u0101cijai un augst\u0101k\u0101s izgl\u012bt\u012bbas datu apmai\u0146ai ar valsts datu sist\u0113m\u0101m, tai skait\u0101 ar Valsts izgl\u012bt\u012bbas inform\u0101cijas sist\u0113mu, Datu izplat\u012b\u0161anas un p\u0101rvald\u012bbas platformu un Eiropas Savien\u012bbas Vienoto digit\u0101lo v\u0101rteju;<\/li>\n<li>Lai nodro\u0161in\u0101tu veiksm\u012bgu pas\u0101kuma otr\u0101s k\u0101rtas ievie\u0161anu un efekt\u012bvu koplieto\u0161anas risin\u0101jumu un vienoto atbalsta sist\u0113mu ievie\u0161anu katr\u0101 augst\u0101k\u0101s izgl\u012bt\u012bbas instit\u016bcij\u0101, tiks izstr\u0101d\u0101ti risin\u0101jumu un darb\u012bbu sal\u0101go\u0161ana starp pas\u0101kuma pirm\u0101s un otr\u0101s k\u0101rtas projektiem, organiz\u0113ta sadarb\u012bba un saska\u0146oti risin\u0101jumi ar augstskol\u0101m, sniegts konsultat\u012bvais atbalsts pas\u0101kuma otr\u0101s k\u0101rtas projekta iesniedz\u0113jiem, finans\u0113juma sa\u0146\u0113m\u0113jiem un to sadarb\u012bbas partneriem.<\/li>\n<li>\u012astenota ar studiju procesu saist\u012bt\u0101 augst\u0101k\u0101s izgl\u012bt\u012bbas instit\u016bciju administrat\u012bv\u0101 person\u0101la (studiju prorektori, studiju programmu vad\u012bt\u0101ji, digitaliz\u0101cijas a\u0123enti, digitaliz\u0101cijas procesus veicino\u0161ais atbalsta person\u0101ls) kompeten\u010du pilnveide digit\u0101l\u0101s transform\u0101cijas jom\u0101, ieskaitot t\u0101das kompetences, kas nepiecie\u0161amas digit\u0101lo tehnolo\u0123iju atbalst\u012bta studiju procesa un m\u0101c\u012bbu digit\u0101lo pakalpojumu izveido\u0161anai, organiz\u0113\u0161anai, p\u0101rvald\u012b\u0161anai, uzraudz\u012bbai un izv\u0113rt\u0113\u0161anai, tai skait\u0101 pieredzes apmai\u0146as pas\u0101kumi ar \u0101rvalstu augstskol\u0101m.<\/li>\n<\/ol>\n<p><strong>Projekt\u0101 sasniedzamie r\u0101d\u012bt\u0101ji<\/strong>:<\/p>\n<p>Nacion\u0101lais r\u0101d\u012bt\u0101js \u2013 izveidoti augst\u0101k\u0101s izgl\u012bt\u012bbas instit\u016bciju studiju vad\u012bbas sist\u0113mu koplieto\u0161anas risin\u0101jumi un vienot\u0101s atbalsta sist\u0113mas studiju procesa digitaliz\u0101cijai.<\/p>\n<p>Projektu \u012bsteno biedr\u012bba &#8220;Augst\u0101k\u0101s izgl\u012bt\u012bbas un zin\u0101tnes inform\u0101cijas tehnolo\u0123ijas koplieto\u0161anas pakalpojumu centrs&#8221; sadarb\u012bb\u0101 ar zin\u0101tnes universit\u0101t\u0113m: Latvijas Universit\u0101ti, R\u012bgas Tehnisko universit\u0101ti, R\u012bgas Stradi\u0146a universit\u0101ti un Latvijas Biozin\u0101t\u0146u un tehnolo\u0123iju universit\u0101ti.<\/p>\n<\/div><div class=\"fusion-image-element \" style=\"text-align:center;--awb-margin-top:50px;--awb-max-width:350px;--awb-caption-title-font-family:var(--h2_typography-font-family);--awb-caption-title-font-weight:var(--h2_typography-font-weight);--awb-caption-title-font-style:var(--h2_typography-font-style);--awb-caption-title-size:var(--h2_typography-font-size);--awb-caption-title-transform:var(--h2_typography-text-transform);--awb-caption-title-line-height:var(--h2_typography-line-height);--awb-caption-title-letter-spacing:var(--h2_typography-letter-spacing);\"><span class=\" fusion-imageframe imageframe-none imageframe-5 hover-type-none\"><img decoding=\"async\" width=\"410\" height=\"174\" title=\"LIDZFINANSE-ESNAP-1 1\" src=\"https:\/\/vpc.lv\/wp-content\/uploads\/2026\/01\/LIDZFINANSE-ESNAP-1-1-1.png\" alt class=\"img-responsive wp-image-6071\" srcset=\"https:\/\/vpc.lv\/wp-content\/uploads\/2026\/01\/LIDZFINANSE-ESNAP-1-1-1-200x85.png 200w, https:\/\/vpc.lv\/wp-content\/uploads\/2026\/01\/LIDZFINANSE-ESNAP-1-1-1-400x170.png 400w, https:\/\/vpc.lv\/wp-content\/uploads\/2026\/01\/LIDZFINANSE-ESNAP-1-1-1.png 410w\" sizes=\"(max-width: 640px) 100vw, 410px\" \/><\/span><\/div><\/div><\/div><\/div><\/div>\n","protected":false},"excerpt":{"rendered":"","protected":false},"author":3,"featured_media":0,"parent":0,"menu_order":0,"comment_status":"closed","ping_status":"closed","template":"100-width.php","meta":{"footnotes":""},"class_list":["post-6495","page","type-page","status-publish","hentry"],"_links":{"self":[{"href":"https:\/\/vpc.lv\/lv\/wp-json\/wp\/v2\/pages\/6495","targetHints":{"allow":["GET"]}}],"collection":[{"href":"https:\/\/vpc.lv\/lv\/wp-json\/wp\/v2\/pages"}],"about":[{"href":"https:\/\/vpc.lv\/lv\/wp-json\/wp\/v2\/types\/page"}],"author":[{"embeddable":true,"href":"https:\/\/vpc.lv\/lv\/wp-json\/wp\/v2\/users\/3"}],"replies":[{"embeddable":true,"href":"https:\/\/vpc.lv\/lv\/wp-json\/wp\/v2\/comments?post=6495"}],"version-history":[{"count":15,"href":"https:\/\/vpc.lv\/lv\/wp-json\/wp\/v2\/pages\/6495\/revisions"}],"predecessor-version":[{"id":6582,"href":"https:\/\/vpc.lv\/lv\/wp-json\/wp\/v2\/pages\/6495\/revisions\/6582"}],"wp:attachment":[{"href":"https:\/\/vpc.lv\/lv\/wp-json\/wp\/v2\/media?parent=6495"}],"curies":[{"name":"wp","href":"https:\/\/api.w.org\/{rel}","templated":true}]}}