{"id":5675,"date":"2025-11-25T17:52:12","date_gmt":"2025-11-25T15:52:12","guid":{"rendered":"https:\/\/vpc.lv\/?page_id=5675"},"modified":"2025-11-26T16:39:43","modified_gmt":"2025-11-26T14:39:43","slug":"jaunumi","status":"publish","type":"page","link":"https:\/\/vpc.lv\/lv\/jaunumi\/","title":{"rendered":"Jaunumi"},"content":{"rendered":"<div class=\"fusion-fullwidth fullwidth-box fusion-builder-row-1 fusion-flex-container has-pattern-background has-mask-background nonhundred-percent-fullwidth non-hundred-percent-height-scrolling\" style=\"--awb-border-radius-top-left:0px;--awb-border-radius-top-right:0px;--awb-border-radius-bottom-right:0px;--awb-border-radius-bottom-left:0px;--awb-padding-top:80px;--awb-padding-bottom:150px;--awb-background-color:#f5f5f5;--awb-flex-wrap:wrap;\" ><div class=\"fusion-builder-row fusion-row fusion-flex-align-items-flex-start fusion-flex-content-wrap\" style=\"max-width:1248px;margin-left: calc(-4% \/ 2 );margin-right: calc(-4% \/ 2 );\"><div class=\"fusion-layout-column fusion_builder_column fusion-builder-column-0 fusion_builder_column_1_1 1_1 fusion-flex-column\" style=\"--awb-bg-size:cover;--awb-width-large:100%;--awb-margin-top-large:0px;--awb-spacing-right-large:1.92%;--awb-margin-bottom-large:20px;--awb-spacing-left-large:1.92%;--awb-width-medium:100%;--awb-order-medium:0;--awb-spacing-right-medium:1.92%;--awb-spacing-left-medium:1.92%;--awb-width-small:100%;--awb-order-small:0;--awb-spacing-right-small:1.92%;--awb-spacing-left-small:1.92%;\"><div class=\"fusion-column-wrapper fusion-column-has-shadow fusion-flex-justify-content-flex-start fusion-content-layout-column\"><div class=\"fusion-text fusion-text-1\"><h1>Seko l\u012bdzi jaunumiem<\/h1>\n<\/div><div class=\"fusion-post-cards fusion-post-cards-1 fusion-grid-archive fusion-grid-columns-3\" style=\"--awb-column-spacing:30px;--awb-dots-align:center;--awb-columns:3;--awb-active-filter-border-size:3px;--awb-filters-height:36px;--awb-row-spacing:30px;--awb-margin-top:50px;--awb-load-more-btn-color:#ffffff;--awb-load-more-btn-bg-color:#c9c9c9;--awb-load-more-btn-hover-color:#ffffff;--awb-load-more-btn-hover-bg-color:#213034;\"><ul class=\"fusion-grid fusion-grid-3 fusion-flex-align-items-stretch fusion-grid-posts-cards fusion-grid-container-infinite fusion-grid-container-load-more\" data-pages=\"4\"><li class=\"fusion-layout-column fusion_builder_column fusion-builder-column-1 fusion-flex-column post-card fusion-grid-column fusion-post-cards-grid-column\" style=\"--awb-overflow:hidden;--awb-bg-color:#ffffff;--awb-bg-color-hover:#ffffff;--awb-bg-blend:overlay;--awb-bg-size:cover;--awb-border-radius:12px 12px 12px 12px;\" data-scroll-devices=\"small-visibility,medium-visibility,large-visibility\"><div class=\"fusion-column-wrapper fusion-column-has-shadow fusion-flex-justify-content-flex-start fusion-content-layout-column\"><div class=\"fusion-classic-product-image-wrapper fusion-woo-product-image fusion-post-card-image fusion-post-card-image-1\" data-layout=\"static\"><div  class=\"fusion-image-wrapper\" aria-haspopup=\"true\">\n\t\t\t\t\t\t\t<a href=\"https:\/\/vpc.lv\/lv\/study-process\/\" aria-label=\"Studiju procesa digitaliz\u0101cija\">\n\t\t\t\t\t\t\t<img decoding=\"async\" width=\"2040\" height=\"1530\" src=\"https:\/\/vpc.lv\/wp-content\/uploads\/2026\/03\/WhatsApp-Image-2026-03-13-at-10.22.00-1.jpeg\" class=\"attachment-full size-full wp-post-image\" alt=\"\" srcset=\"https:\/\/vpc.lv\/wp-content\/uploads\/2026\/03\/WhatsApp-Image-2026-03-13-at-10.22.00-1-200x150.jpeg 200w, https:\/\/vpc.lv\/wp-content\/uploads\/2026\/03\/WhatsApp-Image-2026-03-13-at-10.22.00-1-400x300.jpeg 400w, https:\/\/vpc.lv\/wp-content\/uploads\/2026\/03\/WhatsApp-Image-2026-03-13-at-10.22.00-1-600x450.jpeg 600w, https:\/\/vpc.lv\/wp-content\/uploads\/2026\/03\/WhatsApp-Image-2026-03-13-at-10.22.00-1-800x600.jpeg 800w, https:\/\/vpc.lv\/wp-content\/uploads\/2026\/03\/WhatsApp-Image-2026-03-13-at-10.22.00-1-1200x900.jpeg 1200w, https:\/\/vpc.lv\/wp-content\/uploads\/2026\/03\/WhatsApp-Image-2026-03-13-at-10.22.00-1.jpeg 2040w\" sizes=\"(min-width: 2200px) 100vw, (min-width: 784px) 380px, (min-width: 712px) 570px, (min-width: 640px) 712px, \" \/>\t\t\t<\/a>\n\t\t\t\t\t\t\t<\/div>\n<\/div><div class=\"fusion-text fusion-text-2\" style=\"--awb-font-size:24px;--awb-line-height:1.1em;--awb-letter-spacing:0.5px;--awb-text-color:#003c4a;--awb-margin-top:15px;--awb-margin-right:15px;--awb-margin-left:15px;--awb-text-font-family:&quot;Outfit&quot;;--awb-text-font-style:normal;--awb-text-font-weight:500;\"><p>Studiju procesa digitaliz\u0101cija<\/p>\n<\/div><div class=\"fusion-text fusion-text-3 fusion-text-no-margin\" style=\"--awb-content-alignment:left;--awb-font-size:20px;--awb-line-height:1.1em;--awb-letter-spacing:0.5px;--awb-text-color:#5d6e71;--awb-margin-right:15px;--awb-margin-bottom:4px;--awb-margin-left:15px;--awb-text-font-family:&quot;Outfit&quot;;--awb-text-font-style:normal;--awb-text-font-weight:400;\"><p>Latvijas augst\u0101k\u0101s izgl\u012bt\u012bbas sist\u0113m\u0101 notiek b\u016btiska digit\u0101l\u0101 transform\u0101cija, un \u0161is projekts ir viens no noz\u012bm\u012bg\u0101kajiem so\u013ciem ce\u013c\u0101 uz m\u016bsdien\u012bg\u0101ku, caurskat\u0101m\u0101ku\u00a0un studentiem pieejam\u0101ku studiju vidi.<\/p>\n<\/div><div class=\"fusion-separator fusion-full-width-sep\" style=\"align-self: center;margin-left: auto;margin-right: auto;width:100%;\"><\/div><div class=\"fusion-text fusion-text-4\" style=\"--awb-content-alignment:left;--awb-font-size:18px;--awb-line-height:140%;--awb-letter-spacing:0.5px;--awb-text-color:#5d6e71;--awb-margin-top:20px;--awb-margin-right:15px;--awb-margin-left:15px;--awb-text-font-family:&quot;Outfit&quot;;--awb-text-font-style:normal;--awb-text-font-weight:400;\"><p>Marts 12, 2026<\/p>\n<\/div><\/div><\/li>\n<li class=\"fusion-layout-column fusion_builder_column fusion-builder-column-2 fusion-flex-column post-card fusion-grid-column fusion-post-cards-grid-column\" style=\"--awb-overflow:hidden;--awb-bg-color:#ffffff;--awb-bg-color-hover:#ffffff;--awb-bg-blend:overlay;--awb-bg-size:cover;--awb-border-radius:12px 12px 12px 12px;\" data-scroll-devices=\"small-visibility,medium-visibility,large-visibility\"><div class=\"fusion-column-wrapper fusion-column-has-shadow fusion-flex-justify-content-flex-start fusion-content-layout-column\"><div class=\"fusion-classic-product-image-wrapper fusion-woo-product-image fusion-post-card-image fusion-post-card-image-1\" data-layout=\"static\"><div  class=\"fusion-image-wrapper\" aria-haspopup=\"true\">\n\t\t\t\t\t\t\t<a href=\"https:\/\/vpc.lv\/lv\/pivs_eosc\/\" aria-label=\"Informat\u012bvs pas\u0101kums par PIVS un EOSC\">\n\t\t\t\t\t\t\t<img decoding=\"async\" width=\"2560\" height=\"1610\" src=\"https:\/\/vpc.lv\/wp-content\/uploads\/2025\/12\/WhatsApp-Image-2025-12-23-at-10.18.57-scaled-e1766478841609.jpeg\" class=\"attachment-full size-full wp-post-image\" alt=\"\" srcset=\"https:\/\/vpc.lv\/wp-content\/uploads\/2025\/12\/WhatsApp-Image-2025-12-23-at-10.18.57-scaled-e1766478841609-200x126.jpeg 200w, https:\/\/vpc.lv\/wp-content\/uploads\/2025\/12\/WhatsApp-Image-2025-12-23-at-10.18.57-scaled-e1766478841609-400x252.jpeg 400w, https:\/\/vpc.lv\/wp-content\/uploads\/2025\/12\/WhatsApp-Image-2025-12-23-at-10.18.57-scaled-e1766478841609-600x377.jpeg 600w, https:\/\/vpc.lv\/wp-content\/uploads\/2025\/12\/WhatsApp-Image-2025-12-23-at-10.18.57-scaled-e1766478841609-800x503.jpeg 800w, https:\/\/vpc.lv\/wp-content\/uploads\/2025\/12\/WhatsApp-Image-2025-12-23-at-10.18.57-scaled-e1766478841609-1200x755.jpeg 1200w, https:\/\/vpc.lv\/wp-content\/uploads\/2025\/12\/WhatsApp-Image-2025-12-23-at-10.18.57-scaled-e1766478841609.jpeg 2560w\" sizes=\"(min-width: 2200px) 100vw, (min-width: 784px) 380px, (min-width: 712px) 570px, (min-width: 640px) 712px, \" \/>\t\t\t<\/a>\n\t\t\t\t\t\t\t<\/div>\n<\/div><div class=\"fusion-text fusion-text-5\" style=\"--awb-font-size:24px;--awb-line-height:1.1em;--awb-letter-spacing:0.5px;--awb-text-color:#003c4a;--awb-margin-top:15px;--awb-margin-right:15px;--awb-margin-left:15px;--awb-text-font-family:&quot;Outfit&quot;;--awb-text-font-style:normal;--awb-text-font-weight:500;\"><p>Informat\u012bvs pas\u0101kums par PIVS un EOSC<\/p>\n<\/div><div class=\"fusion-text fusion-text-6 fusion-text-no-margin\" style=\"--awb-content-alignment:left;--awb-font-size:20px;--awb-line-height:1.1em;--awb-letter-spacing:0.5px;--awb-text-color:#5d6e71;--awb-margin-right:15px;--awb-margin-bottom:4px;--awb-margin-left:15px;--awb-text-font-family:&quot;Outfit&quot;;--awb-text-font-style:normal;--awb-text-font-weight:400;\"><p>17. decembr\u012b RTU Zin\u0101tnes un inov\u0101ciju centra z\u0101l\u0113 \u201cMoon\u201d notika Izgl\u012bt\u012bbas un zin\u0101tnes ministrijas (IZM) un Augst\u0101k\u0101s izgl\u012bt\u012bbas un zin\u0101tnes inform\u0101cijas tehnolo\u0123ijas koplieto\u0161anas pakalpojumu centra (VPC) organiz\u0113ta informat\u012bv\u0101 san\u0101ksme, kas pulc\u0113ja augst\u0101k\u0101s izgl\u012bt\u012bbas un zin\u0101tnes nozares p\u0101rst\u0101vjus.<\/p>\n<\/div><div class=\"fusion-separator fusion-full-width-sep\" style=\"align-self: center;margin-left: auto;margin-right: auto;width:100%;\"><\/div><div class=\"fusion-text fusion-text-7\" style=\"--awb-content-alignment:left;--awb-font-size:18px;--awb-line-height:140%;--awb-letter-spacing:0.5px;--awb-text-color:#5d6e71;--awb-margin-top:20px;--awb-margin-right:15px;--awb-margin-left:15px;--awb-text-font-family:&quot;Outfit&quot;;--awb-text-font-style:normal;--awb-text-font-weight:400;\"><p>Decembris 23, 2025<\/p>\n<\/div><\/div><\/li>\n<li class=\"fusion-layout-column fusion_builder_column fusion-builder-column-3 fusion-flex-column post-card fusion-grid-column fusion-post-cards-grid-column\" style=\"--awb-overflow:hidden;--awb-bg-color:#ffffff;--awb-bg-color-hover:#ffffff;--awb-bg-blend:overlay;--awb-bg-size:cover;--awb-border-radius:12px 12px 12px 12px;\" data-scroll-devices=\"small-visibility,medium-visibility,large-visibility\"><div class=\"fusion-column-wrapper fusion-column-has-shadow fusion-flex-justify-content-flex-start fusion-content-layout-column\"><div class=\"fusion-classic-product-image-wrapper fusion-woo-product-image fusion-post-card-image fusion-post-card-image-1\" data-layout=\"static\"><div  class=\"fusion-image-wrapper\" aria-haspopup=\"true\">\n\t\t\t\t\t\t\t<a href=\"https:\/\/vpc.lv\/lv\/datu-kuratori-vada-seminaru-elektronikas-un-datorzinatnu-instituta\/\" aria-label=\"Datu kuratori vada semin\u0101ru Elektronikas un datorzin\u0101t\u0146u instit\u016bt\u0101\">\n\t\t\t\t\t\t\t<img decoding=\"async\" width=\"1600\" height=\"900\" src=\"https:\/\/vpc.lv\/wp-content\/uploads\/2025\/12\/WhatsApp-Image-2025-12-18-at-14.22.26.jpeg\" class=\"attachment-full size-full wp-post-image\" alt=\"\" srcset=\"https:\/\/vpc.lv\/wp-content\/uploads\/2025\/12\/WhatsApp-Image-2025-12-18-at-14.22.26-200x113.jpeg 200w, https:\/\/vpc.lv\/wp-content\/uploads\/2025\/12\/WhatsApp-Image-2025-12-18-at-14.22.26-400x225.jpeg 400w, https:\/\/vpc.lv\/wp-content\/uploads\/2025\/12\/WhatsApp-Image-2025-12-18-at-14.22.26-600x338.jpeg 600w, https:\/\/vpc.lv\/wp-content\/uploads\/2025\/12\/WhatsApp-Image-2025-12-18-at-14.22.26-800x450.jpeg 800w, https:\/\/vpc.lv\/wp-content\/uploads\/2025\/12\/WhatsApp-Image-2025-12-18-at-14.22.26-1200x675.jpeg 1200w, https:\/\/vpc.lv\/wp-content\/uploads\/2025\/12\/WhatsApp-Image-2025-12-18-at-14.22.26.jpeg 1600w\" sizes=\"(min-width: 2200px) 100vw, (min-width: 784px) 380px, (min-width: 712px) 570px, (min-width: 640px) 712px, \" \/>\t\t\t<\/a>\n\t\t\t\t\t\t\t<\/div>\n<\/div><div class=\"fusion-text fusion-text-8\" style=\"--awb-font-size:24px;--awb-line-height:1.1em;--awb-letter-spacing:0.5px;--awb-text-color:#003c4a;--awb-margin-top:15px;--awb-margin-right:15px;--awb-margin-left:15px;--awb-text-font-family:&quot;Outfit&quot;;--awb-text-font-style:normal;--awb-text-font-weight:500;\"><p>Datu kuratori vada semin\u0101ru Elektronikas un datorzin\u0101t\u0146u instit\u016bt\u0101<\/p>\n<\/div><div class=\"fusion-text fusion-text-9 fusion-text-no-margin\" style=\"--awb-content-alignment:left;--awb-font-size:20px;--awb-line-height:1.1em;--awb-letter-spacing:0.5px;--awb-text-color:#5d6e71;--awb-margin-right:15px;--awb-margin-bottom:4px;--awb-margin-left:15px;--awb-text-font-family:&quot;Outfit&quot;;--awb-text-font-style:normal;--awb-text-font-weight:400;\"><p>17. decembr\u012b Elektronikas un datorzin\u0101t\u0146u instit\u016bt\u0101 (EDI) viesoj\u0101s VPC datu kuratori \u2013 Kaspars B\u0113rzi\u0146\u0161, Daina Kos\u012bte, Kristaps O\u0161kalns un Gita Rozenberga \u2013, lai iepaz\u012bstin\u0101tu p\u0113tniekus ar p\u0113tniec\u012bbas datu p\u0101rvald\u012bbas pamatiem.<\/p>\n<\/div><div class=\"fusion-separator fusion-full-width-sep\" style=\"align-self: center;margin-left: auto;margin-right: auto;width:100%;\"><\/div><div class=\"fusion-text fusion-text-10\" style=\"--awb-content-alignment:left;--awb-font-size:18px;--awb-line-height:140%;--awb-letter-spacing:0.5px;--awb-text-color:#5d6e71;--awb-margin-top:20px;--awb-margin-right:15px;--awb-margin-left:15px;--awb-text-font-family:&quot;Outfit&quot;;--awb-text-font-style:normal;--awb-text-font-weight:400;\"><p>Decembris 18, 2025<\/p>\n<\/div><\/div><\/li>\n<\/ul><div class=\"fusion-infinite-scroll-trigger\"><\/div><div class=\"pagination infinite-scroll clearfix\" style=\"display:none;\"><span class=\"current\">1<\/span><a href=\"https:\/\/vpc.lv\/lv\/wp-json\/wp\/v2\/pages\/5675\/page\/2\/\" class=\"inactive\">2<\/a><a class=\"pagination-next\" rel=\"next\" href=\"https:\/\/vpc.lv\/lv\/wp-json\/wp\/v2\/pages\/5675\/page\/2\/\"><span class=\"page-text\">Next<\/span><span class=\"page-next\"><\/span><\/a><\/div><div class=\"fusion-clearfix\"><\/div><button class=\"fusion-load-more-button fusion-product-button fusion-clearfix\">Load More Posts<\/button><\/div><\/div><\/div><\/div><\/div>\n","protected":false},"excerpt":{"rendered":"","protected":false},"author":3,"featured_media":0,"parent":0,"menu_order":0,"comment_status":"closed","ping_status":"closed","template":"100-width.php","meta":{"footnotes":""},"class_list":["post-5675","page","type-page","status-publish","hentry"],"_links":{"self":[{"href":"https:\/\/vpc.lv\/lv\/wp-json\/wp\/v2\/pages\/5675","targetHints":{"allow":["GET"]}}],"collection":[{"href":"https:\/\/vpc.lv\/lv\/wp-json\/wp\/v2\/pages"}],"about":[{"href":"https:\/\/vpc.lv\/lv\/wp-json\/wp\/v2\/types\/page"}],"author":[{"embeddable":true,"href":"https:\/\/vpc.lv\/lv\/wp-json\/wp\/v2\/users\/3"}],"replies":[{"embeddable":true,"href":"https:\/\/vpc.lv\/lv\/wp-json\/wp\/v2\/comments?post=5675"}],"version-history":[{"count":9,"href":"https:\/\/vpc.lv\/lv\/wp-json\/wp\/v2\/pages\/5675\/revisions"}],"predecessor-version":[{"id":5712,"href":"https:\/\/vpc.lv\/lv\/wp-json\/wp\/v2\/pages\/5675\/revisions\/5712"}],"wp:attachment":[{"href":"https:\/\/vpc.lv\/lv\/wp-json\/wp\/v2\/media?parent=5675"}],"curies":[{"name":"wp","href":"https:\/\/api.w.org\/{rel}","templated":true}]}}