{"id":4782,"date":"2025-08-06T16:24:30","date_gmt":"2025-08-06T14:24:30","guid":{"rendered":"https:\/\/vpc.lv\/announcements\/"},"modified":"2025-08-21T14:49:51","modified_gmt":"2025-08-21T12:49:51","slug":"announcements","status":"publish","type":"page","link":"https:\/\/vpc.lv\/lv\/announcements\/","title":{"rendered":"Pazi\u0146ojumi"},"content":{"rendered":"<p><div class=\"fusion-fullwidth fullwidth-box fusion-builder-row-1 fusion-flex-container has-pattern-background has-mask-background nonhundred-percent-fullwidth non-hundred-percent-height-scrolling fusion-no-small-visibility fusion-no-medium-visibility\" style=\"--awb-border-radius-top-left:0px;--awb-border-radius-top-right:0px;--awb-border-radius-bottom-right:0px;--awb-border-radius-bottom-left:0px;--awb-margin-top:80px;--awb-margin-bottom:150px;--awb-flex-wrap:wrap;\" ><div class=\"fusion-builder-row fusion-row fusion-flex-align-items-center fusion-flex-content-wrap\" style=\"max-width:1248px;margin-left: calc(-4% \/ 2 );margin-right: calc(-4% \/ 2 );\"><div class=\"fusion-layout-column fusion_builder_column fusion-builder-column-0 fusion_builder_column_1_2 1_2 fusion-flex-column fusion-animated\" style=\"--awb-bg-size:cover;--awb-width-large:50%;--awb-margin-top-large:0px;--awb-spacing-right-large:3.84%;--awb-margin-bottom-large:0px;--awb-spacing-left-large:3.84%;--awb-width-medium:50%;--awb-order-medium:0;--awb-spacing-right-medium:3.84%;--awb-spacing-left-medium:3.84%;--awb-width-small:100%;--awb-order-small:0;--awb-spacing-right-small:1.92%;--awb-spacing-left-small:1.92%;\" data-animationType=\"fadeInRight\" data-animationDuration=\"0.3\" data-animationDelay=\"0.2\" data-animationOffset=\"top-into-view\" data-scroll-devices=\"small-visibility,medium-visibility,large-visibility\"><div class=\"fusion-column-wrapper fusion-column-has-shadow fusion-flex-justify-content-flex-start fusion-content-layout-column\"><div class=\"fusion-text fusion-text-1\" style=\"--awb-font-size:52px;--awb-line-height:0.9;--awb-letter-spacing:-2px;--awb-text-color:#213034;--awb-text-font-family:&quot;JUST Sans Medium&quot;;--awb-text-font-style:normal;--awb-text-font-weight:400;\"><h1 class=\"p1\">Aicin\u0101jumi apskat\u012bt m\u016bsu pazi\u0146ojumus<\/h1>\n<\/div><div class=\"fusion-text fusion-text-2\"><p style=\"text-align: left;\">\u0160eit atrad\u012bsi visus m\u016bsu jaun\u0101kos pazi\u0146ojumus \u2014 no biroja telpu piepras\u012bjumiem l\u012bdz svar\u012bgiem organizatoriskiem jaunin\u0101jumiem. M\u0113s visu nodro\u0161in\u0101m caursp\u012bd\u012bgi un pieejami.<\/p>\n<\/div><div ><a class=\"fusion-button button-flat fusion-button-default-size button-custom fusion-button-default button-1 fusion-button-default-span fusion-button-default-type\" style=\"--button_accent_color:var(--awb-color1);--button_accent_hover_color:var(--awb-color1);--button_border_hover_color:var(--awb-color1);--button-border-radius-top-left:8px;--button-border-radius-top-right:8px;--button-border-radius-bottom-right:8px;--button-border-radius-bottom-left:8px;--button_gradient_top_color:#213034;--button_gradient_bottom_color:#213034;--button_gradient_top_color_hover:#5d6e71;--button_gradient_bottom_color_hover:#5d6e71;--button_font_size:18px;--button_line_height:1;--button_padding-top:12px;--button_padding-right:21px;--button_padding-bottom:12px;--button_padding-left:21px;--button_typography-letter-spacing:-0.02em;--button_typography-font-family:&quot;Outfit&quot;;--button_typography-font-style:normal;--button_typography-font-weight:500;--button_margin-top:16px;\" target=\"_self\" href=\"https:\/\/vpc.lv\/lv\/notikumi\/\"><span class=\"fusion-button-text awb-button__text awb-button__text--default\">Notikumi<\/span><i class=\"fa-chevron-right fas awb-button__icon awb-button__icon--default button-icon-right\" aria-hidden=\"true\"><\/i><\/a><\/div><\/div><\/div><div class=\"fusion-layout-column fusion_builder_column fusion-builder-column-1 fusion_builder_column_1_2 1_2 fusion-flex-column fusion-animated\" style=\"--awb-bg-size:cover;--awb-width-large:50%;--awb-margin-top-large:0px;--awb-spacing-right-large:0px;--awb-margin-bottom-large:0px;--awb-spacing-left-large:0px;--awb-width-medium:50%;--awb-order-medium:0;--awb-spacing-right-medium:0px;--awb-spacing-left-medium:0px;--awb-width-small:100%;--awb-order-small:0;--awb-spacing-right-small:1.92%;--awb-spacing-left-small:1.92%;\" data-animationType=\"fadeInRight\" data-animationDuration=\"0.3\" data-animationDelay=\"0.2\" data-animationOffset=\"top-into-view\" data-scroll-devices=\"small-visibility,medium-visibility,large-visibility\"><div class=\"fusion-column-wrapper fusion-column-has-shadow fusion-flex-justify-content-flex-start fusion-content-layout-column\"><div class=\"fusion-image-element \" style=\"text-align:right;--awb-caption-title-font-family:var(--h2_typography-font-family);--awb-caption-title-font-weight:var(--h2_typography-font-weight);--awb-caption-title-font-style:var(--h2_typography-font-style);--awb-caption-title-size:var(--h2_typography-font-size);--awb-caption-title-transform:var(--h2_typography-text-transform);--awb-caption-title-line-height:var(--h2_typography-line-height);--awb-caption-title-letter-spacing:var(--h2_typography-letter-spacing);\"><span class=\" fusion-imageframe imageframe-none imageframe-1 hover-type-none\"><img decoding=\"async\" width=\"800\" height=\"520\" title=\"Property 1=Data Report\" src=\"https:\/\/vpc.lv\/wp-content\/uploads\/2025\/08\/Property-1Data-Report-1.png\" alt class=\"img-responsive wp-image-5130\" srcset=\"https:\/\/vpc.lv\/wp-content\/uploads\/2025\/08\/Property-1Data-Report-1-200x130.png 200w, https:\/\/vpc.lv\/wp-content\/uploads\/2025\/08\/Property-1Data-Report-1-400x260.png 400w, https:\/\/vpc.lv\/wp-content\/uploads\/2025\/08\/Property-1Data-Report-1-600x390.png 600w, https:\/\/vpc.lv\/wp-content\/uploads\/2025\/08\/Property-1Data-Report-1.png 800w\" sizes=\"(max-width: 640px) 100vw, 800px\" \/><\/span><\/div><\/div><\/div><\/div><\/div><div class=\"fusion-fullwidth fullwidth-box fusion-builder-row-2 fusion-flex-container has-pattern-background has-mask-background nonhundred-percent-fullwidth non-hundred-percent-height-scrolling fusion-no-large-visibility\" style=\"--awb-border-radius-top-left:0px;--awb-border-radius-top-right:0px;--awb-border-radius-bottom-right:0px;--awb-border-radius-bottom-left:0px;--awb-margin-top:50px;--awb-margin-bottom:50px;--awb-flex-wrap:wrap;\" ><div class=\"fusion-builder-row fusion-row fusion-flex-align-items-center fusion-flex-content-wrap\" style=\"max-width:1248px;margin-left: calc(-4% \/ 2 );margin-right: calc(-4% \/ 2 );\"><div class=\"fusion-layout-column fusion_builder_column fusion-builder-column-2 fusion_builder_column_1_1 1_1 fusion-flex-column fusion-animated\" style=\"--awb-bg-size:cover;--awb-width-large:100%;--awb-margin-top-large:0px;--awb-spacing-right-large:1.92%;--awb-margin-bottom-large:0px;--awb-spacing-left-large:1.92%;--awb-width-medium:100%;--awb-order-medium:0;--awb-spacing-right-medium:1.92%;--awb-spacing-left-medium:1.92%;--awb-width-small:100%;--awb-order-small:0;--awb-spacing-right-small:1.92%;--awb-spacing-left-small:1.92%;\" data-animationType=\"fadeInRight\" data-animationDuration=\"0.3\" data-animationDelay=\"0.2\" data-animationOffset=\"top-into-view\" data-scroll-devices=\"small-visibility,medium-visibility,large-visibility\"><div class=\"fusion-column-wrapper fusion-column-has-shadow fusion-flex-justify-content-flex-start fusion-content-layout-column\"><div class=\"fusion-text fusion-text-3\" style=\"--awb-font-size:52px;--awb-line-height:0.9;--awb-letter-spacing:-2px;--awb-text-color:#213034;--awb-text-font-family:&quot;JUST Sans Medium&quot;;--awb-text-font-style:normal;--awb-text-font-weight:400;\"><h1 class=\"p1\">Aicin\u0101jumi apskat\u012bt m\u016bsu pazi\u0146ojumus<\/h1>\n<\/div><div class=\"fusion-text fusion-text-4\"><p style=\"text-align: left;\">\u0160eit atrad\u012bsi visus m\u016bsu jaun\u0101kos pazi\u0146ojumus \u2014 no biroja telpu piepras\u012bjumiem l\u012bdz svar\u012bgiem organizatoriskiem jaunin\u0101jumiem. M\u0113s visu nodro\u0161in\u0101m caursp\u012bd\u012bgi un pieejami.<\/p>\n<\/div><div ><a class=\"fusion-button button-flat fusion-button-default-size button-custom fusion-button-default button-2 fusion-button-default-span fusion-button-default-type\" style=\"--button_accent_color:var(--awb-color1);--button_accent_hover_color:var(--awb-color1);--button_border_hover_color:var(--awb-color1);--button-border-radius-top-left:8px;--button-border-radius-top-right:8px;--button-border-radius-bottom-right:8px;--button-border-radius-bottom-left:8px;--button_gradient_top_color:#213034;--button_gradient_bottom_color:#213034;--button_gradient_top_color_hover:#5d6e71;--button_gradient_bottom_color_hover:#5d6e71;--button_font_size:18px;--button_line_height:1;--button_padding-top:12px;--button_padding-right:21px;--button_padding-bottom:12px;--button_padding-left:21px;--button_typography-letter-spacing:-0.02em;--button_typography-font-family:&quot;Outfit&quot;;--button_typography-font-style:normal;--button_typography-font-weight:500;--button_margin-top:16px;\" target=\"_self\" href=\"https:\/\/vpc.lv\/lv\/notikumi\/\"><span class=\"fusion-button-text awb-button__text awb-button__text--default\">Notikumi<\/span><i class=\"fa-chevron-right fas awb-button__icon awb-button__icon--default button-icon-right\" aria-hidden=\"true\"><\/i><\/a><\/div><\/div><\/div><\/div><\/div><div class=\"fusion-fullwidth fullwidth-box fusion-builder-row-3 fusion-flex-container has-pattern-background has-mask-background nonhundred-percent-fullwidth non-hundred-percent-height-scrolling\" style=\"--awb-border-radius-top-left:0px;--awb-border-radius-top-right:0px;--awb-border-radius-bottom-right:0px;--awb-border-radius-bottom-left:0px;--awb-flex-wrap:wrap;\" ><div class=\"fusion-builder-row fusion-row fusion-flex-align-items-flex-start fusion-flex-content-wrap\" style=\"max-width:1248px;margin-left: calc(-4% \/ 2 );margin-right: calc(-4% \/ 2 );\"><div class=\"fusion-layout-column fusion_builder_column fusion-builder-column-3 fusion_builder_column_1_1 1_1 fusion-flex-column fusion-animated\" style=\"--awb-bg-size:cover;--awb-width-large:100%;--awb-margin-top-large:0px;--awb-spacing-right-large:1.92%;--awb-margin-bottom-large:30px;--awb-spacing-left-large:1.92%;--awb-width-medium:100%;--awb-order-medium:0;--awb-spacing-right-medium:1.92%;--awb-spacing-left-medium:1.92%;--awb-width-small:100%;--awb-order-small:0;--awb-spacing-right-small:1.92%;--awb-spacing-left-small:1.92%;\" data-animationType=\"fadeInLeft\" data-animationDuration=\"0.3\" data-animationDelay=\"0.2\" data-animationOffset=\"top-into-view\" data-scroll-devices=\"small-visibility,medium-visibility,large-visibility\"><div class=\"fusion-column-wrapper fusion-column-has-shadow fusion-flex-justify-content-flex-start fusion-content-layout-column\"><div class=\"fusion-text fusion-text-5 fusion-text-no-margin\" style=\"--awb-content-alignment:left;--awb-margin-top:25px;--awb-margin-bottom:30px;\"><h2 style=\"text-align: left;\">M\u016bsu aktu\u0101lie pazi\u0146ojumi:<\/h2>\n<\/div><h2 class=\"fusion-nothing-found\">\n<p>Nothing Found<\/p>\n<\/h2><\/div><\/div><\/div><\/div><\/p>\n","protected":false},"excerpt":{"rendered":"","protected":false},"author":3,"featured_media":0,"parent":0,"menu_order":0,"comment_status":"closed","ping_status":"closed","template":"100-width.php","meta":{"footnotes":""},"class_list":["post-4782","page","type-page","status-publish","hentry"],"_links":{"self":[{"href":"https:\/\/vpc.lv\/lv\/wp-json\/wp\/v2\/pages\/4782","targetHints":{"allow":["GET"]}}],"collection":[{"href":"https:\/\/vpc.lv\/lv\/wp-json\/wp\/v2\/pages"}],"about":[{"href":"https:\/\/vpc.lv\/lv\/wp-json\/wp\/v2\/types\/page"}],"author":[{"embeddable":true,"href":"https:\/\/vpc.lv\/lv\/wp-json\/wp\/v2\/users\/3"}],"replies":[{"embeddable":true,"href":"https:\/\/vpc.lv\/lv\/wp-json\/wp\/v2\/comments?post=4782"}],"version-history":[{"count":8,"href":"https:\/\/vpc.lv\/lv\/wp-json\/wp\/v2\/pages\/4782\/revisions"}],"predecessor-version":[{"id":5475,"href":"https:\/\/vpc.lv\/lv\/wp-json\/wp\/v2\/pages\/4782\/revisions\/5475"}],"wp:attachment":[{"href":"https:\/\/vpc.lv\/lv\/wp-json\/wp\/v2\/media?parent=4782"}],"curies":[{"name":"wp","href":"https:\/\/api.w.org\/{rel}","templated":true}]}}