{"id":4543,"date":"2025-05-06T12:51:39","date_gmt":"2025-05-06T10:51:39","guid":{"rendered":"https:\/\/vpc.lv\/eduroam-access-overview\/"},"modified":"2025-08-12T12:23:25","modified_gmt":"2025-08-12T10:23:25","slug":"eduroam-access-overview","status":"publish","type":"page","link":"https:\/\/vpc.lv\/lv\/eduroam-access-overview\/","title":{"rendered":"Eduroam Access Overview"},"content":{"rendered":"<p><div class=\"fusion-fullwidth fullwidth-box fusion-builder-row-1 fusion-flex-container has-pattern-background has-mask-background nonhundred-percent-fullwidth non-hundred-percent-height-scrolling fusion-no-small-visibility\" style=\"--awb-border-radius-top-left:0px;--awb-border-radius-top-right:0px;--awb-border-radius-bottom-right:0px;--awb-border-radius-bottom-left:0px;--awb-padding-right:0px;--awb-padding-left:0px;--awb-margin-top:50px;--awb-margin-bottom:100px;--awb-flex-wrap:wrap;\" ><div class=\"fusion-builder-row fusion-row fusion-flex-align-items-flex-start fusion-flex-content-wrap\" style=\"max-width:1248px;margin-left: calc(-4% \/ 2 );margin-right: calc(-4% \/ 2 );\"><div class=\"fusion-layout-column fusion_builder_column fusion-builder-column-0 fusion_builder_column_1_2 1_2 fusion-flex-column\" style=\"--awb-bg-size:cover;--awb-width-large:50%;--awb-margin-top-large:0px;--awb-spacing-right-large:3.84%;--awb-margin-bottom-large:20px;--awb-spacing-left-large:0px;--awb-width-medium:50%;--awb-order-medium:0;--awb-spacing-right-medium:3.84%;--awb-spacing-left-medium:0px;--awb-width-small:100%;--awb-order-small:0;--awb-spacing-right-small:1.92%;--awb-spacing-left-small:1.92%;\" data-scroll-devices=\"small-visibility,medium-visibility,large-visibility\"><div class=\"fusion-column-wrapper fusion-column-has-shadow fusion-flex-justify-content-flex-start fusion-content-layout-column\"><div class=\"fusion-text fusion-text-1\"><h1>Statistika par eduroam lieto\u0161anu<\/h1>\n<\/div><div class=\"fusion-text fusion-text-2 fusion-text-no-margin\" style=\"--awb-max-width:500px;--awb-margin-bottom:32px;\"><p>\u0160\u012b inform\u0101cijas panelis att\u0113lo eduroam piesl\u0113g\u0161an\u0101s aktivit\u0101ti da\u017e\u0101d\u0101s iest\u0101d\u0113s. Tas izce\u013c lieto\u0161anas tendences, sal\u012bdzina autentifik\u0101cijas veiksmes r\u0101d\u012bt\u0101jus un seko piek\u013cuves paradumiem ik m\u0113nesi. Iest\u0101des tiek sarindotas p\u0113c piepras\u012bjumu apjoma, sniedzot ieskatu t\u012bkla noslodz\u0113 un veiktsp\u0113j\u0101.<\/p>\n<\/div><div ><a class=\"fusion-button button-flat fusion-button-default-size button-custom fusion-button-default button-1 fusion-button-default-span fusion-button-default-type\" style=\"--button_accent_color:var(--awb-color1);--button_accent_hover_color:var(--awb-color1);--button_border_hover_color:var(--awb-color1);--button-border-radius-top-left:8px;--button-border-radius-top-right:8px;--button-border-radius-bottom-right:8px;--button-border-radius-bottom-left:8px;--button_gradient_top_color:#213034;--button_gradient_bottom_color:#213034;--button_gradient_top_color_hover:#5d6e71;--button_gradient_bottom_color_hover:#5d6e71;--button_font_size:18px;--button_line_height:1;--button_padding-top:12px;--button_padding-right:21px;--button_padding-bottom:12px;--button_padding-left:21px;--button_typography-letter-spacing:-0.02em;--button_typography-font-family:&quot;Outfit&quot;;--button_typography-font-style:normal;--button_typography-font-weight:500;--button_margin-top:16px;\" target=\"_self\" href=\"https:\/\/vpc.lv\/lv\/eduroam\/\"><span class=\"fusion-button-text awb-button__text awb-button__text--default\">eduroam<\/span><i class=\"fa-chevron-right fas awb-button__icon awb-button__icon--default button-icon-right\" aria-hidden=\"true\"><\/i><\/a><\/div><\/div><\/div><div class=\"fusion-layout-column fusion_builder_column fusion-builder-column-1 fusion_builder_column_1_2 1_2 fusion-flex-column\" style=\"--awb-bg-size:cover;--awb-width-large:50%;--awb-margin-top-large:0px;--awb-spacing-right-large:3.84%;--awb-margin-bottom-large:32px;--awb-spacing-left-large:3.84%;--awb-width-medium:50%;--awb-order-medium:0;--awb-spacing-right-medium:3.84%;--awb-spacing-left-medium:3.84%;--awb-width-small:100%;--awb-order-small:0;--awb-spacing-right-small:1.92%;--awb-spacing-left-small:1.92%;\" data-scroll-devices=\"small-visibility,medium-visibility,large-visibility\"><div class=\"fusion-column-wrapper fusion-column-has-shadow fusion-flex-justify-content-flex-start fusion-content-layout-column\"><div class=\"fusion-image-element \" style=\"text-align:right;--awb-caption-title-font-family:var(--h2_typography-font-family);--awb-caption-title-font-weight:var(--h2_typography-font-weight);--awb-caption-title-font-style:var(--h2_typography-font-style);--awb-caption-title-size:var(--h2_typography-font-size);--awb-caption-title-transform:var(--h2_typography-text-transform);--awb-caption-title-line-height:var(--h2_typography-line-height);--awb-caption-title-letter-spacing:var(--h2_typography-letter-spacing);\"><span class=\" fusion-imageframe imageframe-none imageframe-1 hover-type-none\"><img decoding=\"async\" src=\"https:\/\/vpc.lv\/wp-content\/uploads\/2025\/05\/Property-1Data-Report.svg\" alt class=\"img-responsive wp-image-4475\"\/><\/span><\/div><\/div><\/div><\/div><\/div><div class=\"fusion-fullwidth fullwidth-box fusion-builder-row-2 fusion-flex-container has-pattern-background has-mask-background nonhundred-percent-fullwidth non-hundred-percent-height-scrolling fusion-no-medium-visibility fusion-no-large-visibility\" style=\"--awb-border-radius-top-left:0px;--awb-border-radius-top-right:0px;--awb-border-radius-bottom-right:0px;--awb-border-radius-bottom-left:0px;--awb-padding-top:50PX;--awb-padding-right:30px;--awb-padding-bottom:50PX;--awb-padding-left:30px;--awb-margin-bottom:32px;--awb-flex-wrap:wrap;\" ><div class=\"fusion-builder-row fusion-row fusion-flex-align-items-flex-start fusion-flex-content-wrap\" style=\"max-width:1248px;margin-left: calc(-4% \/ 2 );margin-right: calc(-4% \/ 2 );\"><div class=\"fusion-layout-column fusion_builder_column fusion-builder-column-2 fusion_builder_column_1_1 1_1 fusion-flex-column\" style=\"--awb-bg-size:cover;--awb-width-large:100%;--awb-margin-top-large:0px;--awb-spacing-right-large:1.92%;--awb-margin-bottom-large:20px;--awb-spacing-left-large:0px;--awb-width-medium:100%;--awb-order-medium:0;--awb-spacing-right-medium:1.92%;--awb-spacing-left-medium:0px;--awb-width-small:100%;--awb-order-small:0;--awb-spacing-right-small:1.92%;--awb-spacing-left-small:1.92%;\" data-scroll-devices=\"small-visibility,medium-visibility,large-visibility\"><div class=\"fusion-column-wrapper fusion-column-has-shadow fusion-flex-justify-content-flex-start fusion-content-layout-column\"><div class=\"fusion-text fusion-text-3 fusion-text-no-margin\" style=\"--awb-font-size:52px;--awb-line-height:0.9em;--awb-letter-spacing:-0.2px;--awb-text-color:#213034;--awb-margin-top:30px;--awb-margin-bottom:32px;--awb-text-font-family:&quot;JUST Sans Medium&quot;;--awb-text-font-style:normal;--awb-text-font-weight:400;\"><p>Statistika par eduroam lieto\u0161anu<\/p>\n<\/div><div class=\"fusion-text fusion-text-4 fusion-text-no-margin\" style=\"--awb-font-size:22px;--awb-line-height:1.55em;--awb-letter-spacing:-0.3px;--awb-text-color:#516366;--awb-max-width:500px;--awb-margin-bottom:32px;--awb-text-font-family:&quot;JUST Sans Regular&quot;;--awb-text-font-style:normal;--awb-text-font-weight:400;\"><p>\u0160\u012b inform\u0101cijas panelis att\u0113lo eduroam piesl\u0113g\u0161an\u0101s aktivit\u0101ti da\u017e\u0101d\u0101s iest\u0101d\u0113s. Tas izce\u013c lieto\u0161anas tendences, sal\u012bdzina autentifik\u0101cijas veiksmes r\u0101d\u012bt\u0101jus un seko piek\u013cuves paradumiem ik m\u0113nesi. Iest\u0101des tiek sarindotas p\u0113c piepras\u012bjumu apjoma, sniedzot ieskatu t\u012bkla noslodz\u0113 un veiktsp\u0113j\u0101.<\/p>\n<\/div><div ><a class=\"fusion-button button-flat fusion-button-default-size button-custom fusion-button-default button-2 fusion-button-default-span fusion-button-default-type\" style=\"--button_accent_color:#ffffff;--button_accent_hover_color:#ffffff;--button_border_hover_color:var(--awb-color1);--button-border-radius-top-left:20px;--button-border-radius-top-right:20px;--button-border-radius-bottom-right:20px;--button-border-radius-bottom-left:20px;--button_gradient_top_color:#213034;--button_gradient_bottom_color:#213034;--button_gradient_top_color_hover:#213034;--button_gradient_bottom_color_hover:#213034;--button_font_size:16px;--button_padding-top:12px;--button_padding-right:21px;--button_padding-bottom:12px;--button_padding-left:21px;--button_typography-font-family:&quot;JUST Sans Medium&quot;;--button_typography-font-style:normal;--button_typography-font-weight:400;\" target=\"_self\" href=\"https:\/\/vpc.lv\/lv\/eduroam\/\"><span class=\"fusion-button-text awb-button__text awb-button__text--default\">eduroam<\/span><i class=\"fa-chevron-right fas awb-button__icon awb-button__icon--default button-icon-right\" aria-hidden=\"true\"><\/i><\/a><\/div><\/div><\/div><\/div><\/div><div class=\"fusion-fullwidth fullwidth-box fusion-builder-row-3 fusion-flex-container has-pattern-background has-mask-background hundred-percent-fullwidth non-hundred-percent-height-scrolling fusion-no-small-visibility\" style=\"--awb-border-radius-top-left:0px;--awb-border-radius-top-right:0px;--awb-border-radius-bottom-right:0px;--awb-border-radius-bottom-left:0px;--awb-flex-wrap:wrap;\" ><div class=\"fusion-builder-row fusion-row fusion-flex-align-items-flex-start fusion-flex-content-wrap\" style=\"width:104% !important;max-width:104% !important;margin-left: calc(-4% \/ 2 );margin-right: calc(-4% \/ 2 );\"><div class=\"fusion-layout-column fusion_builder_column fusion-builder-column-3 fusion_builder_column_1_1 1_1 fusion-flex-column\" style=\"--awb-bg-size:cover;--awb-width-large:100%;--awb-margin-top-large:0px;--awb-spacing-right-large:1.92%;--awb-margin-bottom-large:20px;--awb-spacing-left-large:1.92%;--awb-width-medium:100%;--awb-order-medium:0;--awb-spacing-right-medium:1.92%;--awb-spacing-left-medium:1.92%;--awb-width-small:100%;--awb-order-small:0;--awb-spacing-right-small:1.92%;--awb-spacing-left-small:1.92%;\" data-scroll-devices=\"small-visibility,medium-visibility,large-visibility\"><div class=\"fusion-column-wrapper fusion-column-has-shadow fusion-flex-justify-content-center fusion-content-layout-row\"><a class=\"fusion-modal-text-link\" href=\"#\">\n<div style=\"overflow: hidden; height: 990px;\"><iframe title=\"eduroamReport\" src=\"https:\/\/app.powerbi.com\/view?r=eyJrIjoiNzcwZjdhODYtZmE1YS00MDg2LWJlYjQtYTAxMDAxMjFiZWZkIiwidCI6IjY5NWUwYTI3LTU4MTQtNDRmNS1hNWJkLWQ0ZGMzZThjM2E0NyIsImMiOjl9&amp;pageName=3f3f1357ab7bd93128cb\" width=\"1400\" height=\"1080\" frameborder=\"0\" allowfullscreen=\"allowfullscreen\"><\/iframe><\/div>\n<\/a><\/div><\/div><\/div><\/div><div class=\"fusion-fullwidth fullwidth-box fusion-builder-row-4 fusion-flex-container has-pattern-background has-mask-background hundred-percent-fullwidth non-hundred-percent-height-scrolling fusion-no-medium-visibility fusion-no-large-visibility\" style=\"--awb-border-radius-top-left:0px;--awb-border-radius-top-right:0px;--awb-border-radius-bottom-right:0px;--awb-border-radius-bottom-left:0px;--awb-flex-wrap:wrap;\" ><div class=\"fusion-builder-row fusion-row fusion-flex-align-items-flex-start fusion-flex-content-wrap\" style=\"width:104% !important;max-width:104% !important;margin-left: calc(-4% \/ 2 );margin-right: calc(-4% \/ 2 );\"><div class=\"fusion-layout-column fusion_builder_column fusion-builder-column-4 fusion_builder_column_1_1 1_1 fusion-flex-column\" style=\"--awb-bg-size:cover;--awb-width-large:100%;--awb-margin-top-large:0px;--awb-spacing-right-large:1.92%;--awb-margin-bottom-large:20px;--awb-spacing-left-large:1.92%;--awb-width-medium:100%;--awb-order-medium:0;--awb-spacing-right-medium:1.92%;--awb-spacing-left-medium:1.92%;--awb-width-small:100%;--awb-order-small:0;--awb-spacing-right-small:1.92%;--awb-spacing-left-small:1.92%;\" data-scroll-devices=\"small-visibility,medium-visibility,large-visibility\"><div class=\"fusion-column-wrapper fusion-column-has-shadow fusion-flex-justify-content-center fusion-content-layout-row\"><a class=\"fusion-modal-text-link\" href=\"#\">\n<div style=\"overflow: hidden; height: 380px;\"><iframe title=\"eduroamReport\" src=\"https:\/\/app.powerbi.com\/view?r=eyJrIjoiNzcwZjdhODYtZmE1YS00MDg2LWJlYjQtYTAxMDAxMjFiZWZkIiwidCI6IjY5NWUwYTI3LTU4MTQtNDRmNS1hNWJkLWQ0ZGMzZThjM2E0NyIsImMiOjl9&amp;pageName=3f3f1357ab7bd93128cb\" width=\"350\" height=\"550\" frameborder=\"0\" allowfullscreen=\"allowfullscreen\"><\/iframe><\/div>\n<\/a><\/div><\/div><\/div><\/div><\/p>\n","protected":false},"excerpt":{"rendered":"","protected":false},"author":3,"featured_media":0,"parent":0,"menu_order":0,"comment_status":"closed","ping_status":"closed","template":"100-width.php","meta":{"footnotes":""},"class_list":["post-4543","page","type-page","status-publish","hentry"],"_links":{"self":[{"href":"https:\/\/vpc.lv\/lv\/wp-json\/wp\/v2\/pages\/4543","targetHints":{"allow":["GET"]}}],"collection":[{"href":"https:\/\/vpc.lv\/lv\/wp-json\/wp\/v2\/pages"}],"about":[{"href":"https:\/\/vpc.lv\/lv\/wp-json\/wp\/v2\/types\/page"}],"author":[{"embeddable":true,"href":"https:\/\/vpc.lv\/lv\/wp-json\/wp\/v2\/users\/3"}],"replies":[{"embeddable":true,"href":"https:\/\/vpc.lv\/lv\/wp-json\/wp\/v2\/comments?post=4543"}],"version-history":[{"count":7,"href":"https:\/\/vpc.lv\/lv\/wp-json\/wp\/v2\/pages\/4543\/revisions"}],"predecessor-version":[{"id":5013,"href":"https:\/\/vpc.lv\/lv\/wp-json\/wp\/v2\/pages\/4543\/revisions\/5013"}],"wp:attachment":[{"href":"https:\/\/vpc.lv\/lv\/wp-json\/wp\/v2\/media?parent=4543"}],"curies":[{"name":"wp","href":"https:\/\/api.w.org\/{rel}","templated":true}]}}