{"id":2431,"date":"2024-08-06T12:09:09","date_gmt":"2024-08-06T10:09:09","guid":{"rendered":"https:\/\/vpc.lv\/konfidencialitates-politika\/"},"modified":"2026-03-18T15:50:19","modified_gmt":"2026-03-18T13:50:19","slug":"konfidencialitates-politika","status":"publish","type":"page","link":"https:\/\/vpc.lv\/lv\/konfidencialitates-politika\/","title":{"rendered":"Konfidencialit\u0101tes politika"},"content":{"rendered":"<div class=\"fusion-fullwidth fullwidth-box fusion-builder-row-1 fusion-flex-container has-pattern-background has-mask-background nonhundred-percent-fullwidth non-hundred-percent-height-scrolling\" style=\"--awb-border-radius-top-left:0px;--awb-border-radius-top-right:0px;--awb-border-radius-bottom-right:0px;--awb-border-radius-bottom-left:0px;--awb-flex-wrap:wrap;\" ><div class=\"fusion-builder-row fusion-row fusion-flex-align-items-flex-start fusion-flex-content-wrap\" style=\"max-width:1248px;margin-left: calc(-4% \/ 2 );margin-right: calc(-4% \/ 2 );\"><div class=\"fusion-layout-column fusion_builder_column fusion-builder-column-0 fusion_builder_column_1_1 1_1 fusion-flex-column\" style=\"--awb-bg-size:cover;--awb-width-large:100%;--awb-margin-top-large:0px;--awb-spacing-right-large:1.92%;--awb-margin-bottom-large:20px;--awb-spacing-left-large:1.92%;--awb-width-medium:100%;--awb-order-medium:0;--awb-spacing-right-medium:1.92%;--awb-spacing-left-medium:1.92%;--awb-width-small:100%;--awb-order-small:0;--awb-spacing-right-small:1.92%;--awb-spacing-left-small:1.92%;\"><div class=\"fusion-column-wrapper fusion-column-has-shadow fusion-flex-justify-content-flex-start fusion-content-layout-column\"><div class=\"fusion-text fusion-text-1\" style=\"--awb-margin-top:20px;\"><h1 style=\"text-align: center;\">Konfidencialit\u0101tes politika<\/h1>\n<\/div><div class=\"fusion-text fusion-text-2\"><p>Augst\u0101k\u0101s izgl\u012bt\u012bbas un zin\u0101tnes inform\u0101cijas tehnolo\u0123ijas koplieto\u0161anas pakalpojumu centrs, biedr\u012bba (VPC) personas datu apstr\u0101des pazi\u0146ojums. (Visp\u0101r\u012bg\u0101 datu aizsardz\u012bbas regula)<\/p>\n<p>VPC re\u0123istr\u0101cijas Nr.: 40008314266, juridisk\u0101 adrese: R\u012bga, Kr. Valdem\u0101ra iela 8 \u2013 10. Sazinieties ar mums pa e-pastu &#105;n&#x66;o&#x40;v&#x70;c&#x2e;&#108;&#x76;<\/p>\n<p>Apstr\u0101d\u0101jot personas datus, VPC iev\u0113ros sp\u0113k\u0101 eso\u0161os valsts ties\u012bbu aktus, ES regul\u0113jumu (piem\u0113ram, Visp\u0101r\u012bgo datu aizsardz\u012bbas regulu &#8211; GDPR) un visp\u0101rpie\u0146emt\u0101s konfidencialit\u0101tes normas. VPC nedal\u012bsies ar personas datiem ar tre\u0161\u0101m person\u0101m (ja vien to neparedz likums vai nav sa\u0146emta \u012bpa\u0161a piekri\u0161ana) un pieliks maksim\u0101las p\u016bles, lai nodro\u0161in\u0101tu datu uzglab\u0101\u0161anu.<\/p>\n<p>Parasti p\u0113c personas piepras\u012bjuma VPC:<\/p>\n<ol>\n<li>Sniedziet VPC r\u012bc\u012bb\u0101 eso\u0161o inform\u0101ciju par personu;<\/li>\n<li>P\u0101rtrauciet sazin\u0101ties ar personu, lai sniegtu inform\u0101ciju, kuru persona ir atteikusies pie\u0146emt. Tas neietver inform\u0101cijas apmai\u0146u saist\u012bb\u0101 ar sp\u0113k\u0101 eso\u0161o l\u012bgumu izpildi un svar\u012bgu inform\u0101ciju par ieg\u016btajiem gr\u0101diem un sertifik\u0101tiem un pabeigtajiem kursiem;<\/li>\n<li>atjaunin\u0101t vai dz\u0113st personas personisko inform\u0101ciju, iz\u0146emot gad\u012bjumus, kad inform\u0101cijas glab\u0101\u0161ana ir noteikta ties\u012bbu aktos un\/vai ir saist\u012bta ar VPC un t\u0101 partnerinstit\u016bcij\u0101s apg\u016btajiem kursiem un studiju programm\u0101m. VPC saglab\u0101s ar\u012b minim\u0101lo inform\u0101ciju, kas nepiecie\u0161ama, lai apstiprin\u0101tu t\u0101s personas identit\u0101ti, kura ir ties\u012bga sa\u0146emt inform\u0101ciju par sertifik\u0101tu, gr\u0101du un pabeigto kursu.<\/li>\n<\/ol>\n<p>VPC izmanto personas datus \u0161\u0101dos veidos:<\/p>\n<p style=\"padding-left: 40px;\">a) Administrat\u012bv\u0101 izmanto\u0161ana, lai sniegtu pakalpojumus un nodro\u0161in\u0101tu l\u012bgumu izpildi, tostarp r\u0113\u0137inu izrakst\u012b\u0161anu.<\/p>\n<p>Iepriek\u0161 min\u0113tajam nol\u016bkam b\u016btu nepiecie\u0161ami un j\u0101uzglab\u0101 vismaz \u0161\u0101di dati: Personas v\u0101rds, uzv\u0101rds (ieskaitot izmai\u0146as), personas kods, adrese, bankas konta numurs, veiktie maks\u0101jumi, t\u0101lru\u0146a un e-pasta adrese.<\/p>\n<p style=\"padding-left: 40px;\">b) inform\u0101cijas izplat\u012b\u0161ana par pakalpojumiem un pied\u0101v\u0101jumiem.<\/p>\n<p>Iepriek\u0161 min\u0113tajam nol\u016bkam ir nepiecie\u0161ami un tiek glab\u0101ti da\u017ei vai visi turpm\u0101k min\u0113tie dati: Personas v\u0101rds, uzv\u0101rds, adrese, t\u0101lru\u0146a un e-pasta adrese.<\/p>\n<p style=\"padding-left: 40px;\">c) VPC pakalpojumu kvalit\u0101tes uzlabo\u0161ana un programmu att\u012bst\u012bba.<\/p>\n<p>Iepriek\u0161 min\u0113tajam nol\u016bkam var tikt glab\u0101ti un apstr\u0101d\u0101ti da\u017ei vai visi turpm\u0101k min\u0113tie dati: Personas v\u0101rds, uzv\u0101rds, adrese, t\u0101lru\u0146a un e-pasta adrese, k\u0101 ar\u012b karjeras virz\u012bba.<\/p>\n<p style=\"padding-left: 40px;\">e) Darbinieku pie\u0146em\u0161ana darb\u0101<\/p>\n<p>Iepriek\u0161 min\u0113tajam nol\u016bkam var\u0113tu b\u016bt nepiecie\u0161ami un glab\u0101jami vismaz \u0161\u0101di dati: personas v\u0101rds, uzv\u0101rds, adrese, t\u0101lru\u0146a un e-pasta adrese, iepriek\u0161\u0113j\u0101 izgl\u012bt\u012bba un prasmes.<\/p>\n<p>Lai main\u012btu savas preferences attiec\u012bb\u0101 uz inform\u0101cijas apstr\u0101di VPC, l\u016bdzu, sazinieties ar VPC, nos\u016btot e-pastu uz info&#64;VPC&#46;lv. Tom\u0113r piekri\u0161anas atsauk\u0161ana neietekm\u0113 datu apstr\u0101di, kas veikta j\u016bsu piekri\u0161anas laik\u0101.<\/p>\n<\/div><\/div><\/div><\/div><\/div>\n","protected":false},"excerpt":{"rendered":"","protected":false},"author":1,"featured_media":0,"parent":0,"menu_order":0,"comment_status":"closed","ping_status":"open","template":"","meta":{"footnotes":""},"class_list":["post-2431","page","type-page","status-publish","hentry"],"_links":{"self":[{"href":"https:\/\/vpc.lv\/lv\/wp-json\/wp\/v2\/pages\/2431","targetHints":{"allow":["GET"]}}],"collection":[{"href":"https:\/\/vpc.lv\/lv\/wp-json\/wp\/v2\/pages"}],"about":[{"href":"https:\/\/vpc.lv\/lv\/wp-json\/wp\/v2\/types\/page"}],"author":[{"embeddable":true,"href":"https:\/\/vpc.lv\/lv\/wp-json\/wp\/v2\/users\/1"}],"replies":[{"embeddable":true,"href":"https:\/\/vpc.lv\/lv\/wp-json\/wp\/v2\/comments?post=2431"}],"version-history":[{"count":9,"href":"https:\/\/vpc.lv\/lv\/wp-json\/wp\/v2\/pages\/2431\/revisions"}],"predecessor-version":[{"id":6303,"href":"https:\/\/vpc.lv\/lv\/wp-json\/wp\/v2\/pages\/2431\/revisions\/6303"}],"wp:attachment":[{"href":"https:\/\/vpc.lv\/lv\/wp-json\/wp\/v2\/media?parent=2431"}],"curies":[{"name":"wp","href":"https:\/\/api.w.org\/{rel}","templated":true}]}}